{"id":250,"date":"2019-05-07T19:11:56","date_gmt":"2019-05-07T17:11:56","guid":{"rendered":"https:\/\/cwmp.de\/kks\/?page_id=250"},"modified":"2024-07-12T12:21:24","modified_gmt":"2024-07-12T10:21:24","slug":"kontakt","status":"publish","type":"page","link":"https:\/\/cwmp.de\/kks\/kontakt\/","title":{"rendered":"Kontakt"},"content":{"rendered":"<div class=\"col-md-6 column column-2-1\">\n<h2>K\u00e4the-Kollwitz-Schule<\/h2>\n<p>Buchh\u00fcgelallee 90<br \/>\n63071 Offenbach am Main<\/p>\n<p>Telefon: 069 8065 2945<\/p>\n<p>Sekretariat:<\/p>\n<p><a href=\"&#x6d;&#97;i&#x6c;&#116;o&#x3a;&#86;e&#x72;&#119;a&#x6c;&#116;u&#x6e;&#103;&#46;&#x6b;&#107;s&#x40;&#115;c&#x68;&#117;l&#x65;&#110;&#46;&#x6f;&#102;f&#x65;&#110;b&#x61;&#99;h&#x2e;&#100;e\">V&#101;&#x72;&#x77;a&#108;&#x74;&#x75;n&#103;&#x2e;&#x6b;k&#115;&#x40;&#x73;c&#104;&#x75;&#x6c;e&#110;&#46;&#x6f;&#x66;f&#101;&#x6e;&#x62;a&#99;&#x68;&#x2e;d&#101;<\/a><\/p>\n<p>&nbsp;<\/p>\n<\/div>\n<div class=\"col-md-6 column column-2-2\">\n<h2>\u00d6ffnungszeiten des Sekreteriats<\/h2>\n<\/div>\n<p>&nbsp;<\/p>\n<h2>In den Sommerferien<\/h2>\n<ol>\n<li>Ferienwoche: Vorsprachen <strong>nur Dienstag und Donnerstag<\/strong> \u00a010:00 \u2013 12:00 Uhr<\/li>\n<li>Ferienwoche: Vorsprachen <strong>nur Dienstag und Donnerstag \u00a0<\/strong>10:00 \u2013 12:00 Uhr<\/li>\n<li>Ferienwoche: Schule geschlossen<\/li>\n<li>Ferienwoche: Schule geschlossen<\/li>\n<li>Ferienwoche: Vorsprachen <strong>nur Dienstag und Donnerstag<\/strong> \u00a010:00 \u2013 12:00 Uhr<\/li>\n<li>Ferienwoche: Vorsprachen <strong>nur Dienstag und Donnerstag<\/strong> \u00a010:00 \u2013 12:00 Uhr<\/li>\n<\/ol>\n<p>Telefonisch und per E-Mail erreichen Sie uns in den Ferienwochen 1.,2., 5. und 6. von 8:00 bis 12:00 Uhr.<\/p>\n<p>&nbsp;<\/p>\n<p>Regul\u00e4re \u00d6ffnungszeiten:<\/p>\n<div class=\"col-md-6 column column-2-2\">\n<div class=\"row-wrapper\">\n<div class=\"row cms-content\">\n<div class=\"col-md-6 column column-2-1\">\n<p><strong>F\u00fcr Sch\u00fclerangelegenheiten (z. B.: Schulbescheinigungen, Fahrtkostenantr\u00e4ge, BAF\u00f6G-Antr\u00e4ge usw.)<\/strong><\/p>\n<p><u>Montag bis Donnerstag:<\/u><\/p>\n<p>1. Pause:\u00a0 9.30 \u2013 9.45 Uhr<br \/>\n2. Pause: 11.15 \u2013 11.45 Uhr<br \/>\n3. Pause: 13.15 \u2013 13.45 Uhr<\/p>\n<p><u>Freitag:<\/u><\/p>\n<p>1. Pause:\u00a0 9.30 \u2013 9.45 Uhr<br \/>\n2. Pause: 11.15 \u2013 11.45 Uhr<\/p>\n<p><strong><br \/>\nF\u00fcr Besucherinnen und Besucher:<\/strong><\/p>\n<div class=\"col-md-6 column column-2-2\">\n<p>Montag bis Donnerstag: 7:45 \u2013 10:00 Uhr und 11:00 \u2013 14:00 Uhr<\/p>\n<p>Freitag: 7:45 \u2013 12:00 Uhr<\/p>\n<\/div>\n<p>&nbsp;<\/p>\n<\/div>\n<\/div>\n<\/div>\n<\/div>\n","protected":false},"excerpt":{"rendered":"<p>K\u00e4the-Kollwitz-Schule Buchh\u00fcgelallee 90 63071 Offenbach am Main Telefon: 069 8065 2945 Sekretariat: V&#101;&#114;&#x77;&#x61;lt&#117;&#110;&#x67;&#x2e;kk&#115;&#64;&#x73;&#x63;hu&#108;&#x65;&#x6e;&#x2e;o&#102;&#102;&#x65;&#x6e;&#x62;a&#99;&#104;&#x2e;&#x64;&#x65; &nbsp; \u00d6ffnungszeiten des Sekreteriats &nbsp; In den Sommerferien Ferienwoche: Vorsprachen nur Dienstag und Donnerstag \u00a010:00 \u2013 12:00 Uhr Ferienwoche: Vorsprachen nur Dienstag und Donnerstag \u00a010:00 \u2013 12:00 Uhr Ferienwoche: Schule geschlossen Ferienwoche: Schule geschlossen Ferienwoche: Vorsprachen nur Dienstag und Donnerstag \u00a010:00 \u2013 [&hellip;]<\/p>\n","protected":false},"author":7,"featured_media":0,"parent":0,"menu_order":6,"comment_status":"closed","ping_status":"closed","template":"","meta":{"footnotes":""},"categories":[],"tags":[],"class_list":["post-250","page","type-page","status-publish","hentry"],"featured_image_src":null,"publishpress_future_workflow_manual_trigger":{"enabledWorkflows":[]},"_links":{"self":[{"href":"https:\/\/cwmp.de\/kks\/wp-json\/wp\/v2\/pages\/250","targetHints":{"allow":["GET"]}}],"collection":[{"href":"https:\/\/cwmp.de\/kks\/wp-json\/wp\/v2\/pages"}],"about":[{"href":"https:\/\/cwmp.de\/kks\/wp-json\/wp\/v2\/types\/page"}],"author":[{"embeddable":true,"href":"https:\/\/cwmp.de\/kks\/wp-json\/wp\/v2\/users\/7"}],"replies":[{"embeddable":true,"href":"https:\/\/cwmp.de\/kks\/wp-json\/wp\/v2\/comments?post=250"}],"version-history":[{"count":50,"href":"https:\/\/cwmp.de\/kks\/wp-json\/wp\/v2\/pages\/250\/revisions"}],"predecessor-version":[{"id":1792,"href":"https:\/\/cwmp.de\/kks\/wp-json\/wp\/v2\/pages\/250\/revisions\/1792"}],"wp:attachment":[{"href":"https:\/\/cwmp.de\/kks\/wp-json\/wp\/v2\/media?parent=250"}],"wp:term":[{"taxonomy":"category","embeddable":true,"href":"https:\/\/cwmp.de\/kks\/wp-json\/wp\/v2\/categories?post=250"},{"taxonomy":"post_tag","embeddable":true,"href":"https:\/\/cwmp.de\/kks\/wp-json\/wp\/v2\/tags?post=250"}],"curies":[{"name":"wp","href":"https:\/\/api.w.org\/{rel}","templated":true}]}}