{"id":278,"date":"2019-05-07T20:14:25","date_gmt":"2019-05-07T18:14:25","guid":{"rendered":"https:\/\/cwmp.de\/kks\/?page_id=278"},"modified":"2023-07-13T12:17:57","modified_gmt":"2023-07-13T10:17:57","slug":"zweijaehrige-hoehere-berufsfachschule-fuer-sozialassistenz","status":"publish","type":"page","link":"https:\/\/cwmp.de\/kks\/schulformen-ausbildung\/zweijaehrige-hoehere-berufsfachschule-fuer-sozialassistenz\/","title":{"rendered":"Zweij\u00e4hrige h\u00f6here Berufsfachschule f\u00fcr Sozialassistenz"},"content":{"rendered":"<div class=\"row-wrapper\">\n<div class=\"row cms-content\">\n<div class=\"col-md-12 column column-1-1\">\n<h2>Schwerpunkte: Sozialpflege und Sozialp\u00e4dagogik<\/h2>\n<\/div>\n<\/div>\n<\/div>\n<div class=\"row-wrapper\">\n<div class=\"row cms-content\">\n<div class=\"col-md-6 column column-2-1\">\n<p>Die Ausbildung an der zweij\u00e4hrigen H\u00f6heren Berufsfachschule f\u00fcr Sozialassistenz dauert zwei Jahre. Sie umfasst eine fachtheoretische und fachpraktische Grundbildung f\u00fcr Sozialberufe und eine berufspraktische Ausbildung in der jeweiligen Fachrichtung. Die gesamte Ausbildung erfordert eine enge Zusammenarbeit mit den Praxisstellen.<\/p>\n<p>Im zweiten Jahr der Ausbildung k\u00f6nnen folgende Fachrichtungen gew\u00e4hlt werden:<\/p>\n<ul>\n<li>Sozialp\u00e4dagogik<\/li>\n<li>Sozialpflege<\/li>\n<\/ul>\n<\/div>\n<div class=\"col-md-6 column column-2-2\">\n<p>Die zweij\u00e4hrige H\u00f6here Berufsfachschule f\u00fcr Sozialassistenz f\u00fchrt zu einem schulischen Berufsabschluss. Ziel der Ausbildung ist die Vermittlung von Basisqualifikationen f\u00fcr eine weiterf\u00fchrende Ausbildung an Fachschulen und von Kenntnissen, F\u00e4higkeiten und Fertigkeiten, die erforderlich sind, um in sozialp\u00e4dagogischen und sozialpflegerischen Institutionen nach Anweisung und, in begrenztem Umfang, verantwortlich t\u00e4tig zu sein. Entsprechend dem allen Schulen gemeinsamen Bildungs- und Erziehungsauftrag bef\u00e4higt sie die Sch\u00fclerinnen und Sch\u00fcler zu verantwortlichem Handeln bei der Mitgestaltung im Beruf und in der Gesellschaft.<\/p>\n<h2>Zugangsvoraussetzuungen und Bewerbungsschluss:<\/h2>\n<p>(1) Die Aufnahme in die zweij\u00e4hrige h\u00f6here Berufsfachschule f\u00fcr Sozialassistenz setzt voraus:<\/p>\n<p>1. die Versetzung in die Einf\u00fchrungsphase einer \u00f6ffentlichen oder staatlich anerkannten gymnasialen Oberstufe<\/p>\n<p>oder<\/p>\n<p>2. ein Zeugnis \u00fcber den mittleren Abschluss (Realschulabschluss) oder<\/p>\n<p>3. ein Abschlusszeugnis einer zweij\u00e4hrigen Berufsfachschule oder<\/p>\n<p>4. ein Zeugnis der Fachschulreife oder<\/p>\n<p>5. ein als gleichwertig anerkanntes Zeugnis.<\/p>\n<p>Das Zeugnis nach Nr. 1 &#8211; 5 muss mindestens befriedigende Leistungen in zwei der F\u00e4-cher Mathematik, Deutsch und Englisch nachweisen, wobei in keinem der genannten F\u00e4cher die Leistungen schlechter als ausreichend sein d\u00fcrfen. Bewerberinnen und B-werber, die diese Voraussetzungen nicht erf\u00fcllen, m\u00fcssen sich einem Auswahlver-fahren nach \u00a7 5 unterziehen.<\/p>\n<p>In Zweifelsf\u00e4llen entscheidet das zust\u00e4ndige Staatliche Schulamt \u00fcber die Gleichwertigkeit des Zeugnisses nach Nr. 5.<\/p>\n<p>(2) Liegt zum Zeitpunkt der Bewerbung das Zeugnis nach Abs. 1 noch nicht vor, tritt an die Stelle des Abschlusszeugnisses das letzte Halbjahreszeugnis.<\/p>\n<p>(3) Bewerberinnen und Bewerber, die aus einem ausl\u00e4ndischen Bildungssystem in die zweij\u00e4hrige h\u00f6here Berufsfachschule f\u00fcr Sozialassistenz \u00fcberwechseln wollen, m\u00fcssen sich in der Regel einem Auswahlverfahren nach \u00a7 5 unterziehen. \u00dcber Ausnahmen entscheidet die Schulleiterin oder der Schulleiter.<\/p>\n<p>(4) Aufgenommen werden kann nur, wer bis zum <strong>Bewerbungsschluss<\/strong> <strong>(30.4.) <\/strong>das <strong>23. Lebensjahr<\/strong> noch nicht vollendet hat. \u00dcber Ausnahmen entscheidet die Schulleiterin oder der Schulleiter.<\/p>\n<p>Die Ausbildung schlie\u00dft mit einer Abschlusspr\u00fcfung ab. Wer die Abschlusspr\u00fcfung erfolgreich abgelegt hat, ist berechtigt, die Berufsbezeichnung<\/p>\n<p><strong>Staatlich gepr\u00fcfte(r) Sozialassistent(in)<\/strong><\/p>\n<p>Teilnehmerinnen und Teilnehmer am Zusatzunterricht (Mathematik 3 WStd., Englisch 1 WStd.) k\u00f6nnen nach Ablegen einer Zusatzpr\u00fcfung in Deutsch, Mathematik und Englisch die Fachhochschulreife erlangen. Dies setzt voraus, dass neben dem erfolgreichen Abschluss der Ausbildung der Nachweis einer ausreichenden beruflichen T\u00e4tigkeit erbracht wird.<\/p>\n<\/div>\n<\/div>\n<\/div>\n","protected":false},"excerpt":{"rendered":"<p>Schwerpunkte: Sozialpflege und Sozialp\u00e4dagogik Die Ausbildung an der zweij\u00e4hrigen H\u00f6heren Berufsfachschule f\u00fcr Sozialassistenz dauert zwei Jahre. Sie umfasst eine fachtheoretische und fachpraktische Grundbildung f\u00fcr Sozialberufe und eine berufspraktische Ausbildung in der jeweiligen Fachrichtung. Die gesamte Ausbildung erfordert eine enge Zusammenarbeit mit den Praxisstellen. Im zweiten Jahr der Ausbildung k\u00f6nnen folgende Fachrichtungen gew\u00e4hlt werden: Sozialp\u00e4dagogik Sozialpflege [&hellip;]<\/p>\n","protected":false},"author":7,"featured_media":0,"parent":139,"menu_order":11,"comment_status":"closed","ping_status":"closed","template":"","meta":{"footnotes":""},"categories":[],"tags":[],"class_list":["post-278","page","type-page","status-publish","hentry"],"featured_image_src":null,"publishpress_future_workflow_manual_trigger":{"enabledWorkflows":[]},"_links":{"self":[{"href":"https:\/\/cwmp.de\/kks\/wp-json\/wp\/v2\/pages\/278","targetHints":{"allow":["GET"]}}],"collection":[{"href":"https:\/\/cwmp.de\/kks\/wp-json\/wp\/v2\/pages"}],"about":[{"href":"https:\/\/cwmp.de\/kks\/wp-json\/wp\/v2\/types\/page"}],"author":[{"embeddable":true,"href":"https:\/\/cwmp.de\/kks\/wp-json\/wp\/v2\/users\/7"}],"replies":[{"embeddable":true,"href":"https:\/\/cwmp.de\/kks\/wp-json\/wp\/v2\/comments?post=278"}],"version-history":[{"count":17,"href":"https:\/\/cwmp.de\/kks\/wp-json\/wp\/v2\/pages\/278\/revisions"}],"predecessor-version":[{"id":2978,"href":"https:\/\/cwmp.de\/kks\/wp-json\/wp\/v2\/pages\/278\/revisions\/2978"}],"up":[{"embeddable":true,"href":"https:\/\/cwmp.de\/kks\/wp-json\/wp\/v2\/pages\/139"}],"wp:attachment":[{"href":"https:\/\/cwmp.de\/kks\/wp-json\/wp\/v2\/media?parent=278"}],"wp:term":[{"taxonomy":"category","embeddable":true,"href":"https:\/\/cwmp.de\/kks\/wp-json\/wp\/v2\/categories?post=278"},{"taxonomy":"post_tag","embeddable":true,"href":"https:\/\/cwmp.de\/kks\/wp-json\/wp\/v2\/tags?post=278"}],"curies":[{"name":"wp","href":"https:\/\/api.w.org\/{rel}","templated":true}]}}