{"id":284,"date":"2019-05-07T20:27:43","date_gmt":"2019-05-07T18:27:43","guid":{"rendered":"https:\/\/cwmp.de\/kks\/?page_id=284"},"modified":"2024-08-13T07:47:40","modified_gmt":"2024-08-13T05:47:40","slug":"fachschule-fuer-sozialwesen","status":"publish","type":"page","link":"https:\/\/cwmp.de\/kks\/schulformen-ausbildung\/fachschule-fuer-sozialwesen\/","title":{"rendered":"Fachschule f\u00fcr Sozialwesen"},"content":{"rendered":"<p><strong>Unser Profil:<\/strong><\/p>\n<p>Der wechselseitige Bezug der Lernorte \u201eFachschule\u201c und \u201ePraxis\u201c ist integraler Bestandteil der Ausbildung. Theorie und Fachpraxis werden konzeptionell eng miteinander verzahnt.<\/p>\n<p>Theoretische Inhalte werden zeitnah in der Praxis erprobt und im Unterricht reflektiert.<\/p>\n<p>In der Ausbildung soll durch die Reflexion des eigenen p\u00e4dagogischen Handelns eine professionelle Haltung entwickelt werden.<\/p>\n<h2>Landesprogramm \u201eFachkr\u00e4fteoffensive Erzieherinnen\/Erzieher&#8220;<\/h2>\n<p><strong>Praxisintegrierte Ausbildung (PivA) zum\/r Erzieher*in (Bezahlte Ausbildung)\u200b<\/strong><\/p>\n<p>Die K\u00e4the-Kollwitz-Schule bietet als hiesige Ausbildungsschule, in Zusammenarbeit mit kooperierenden Tr\u00e4gern aus dem Landkreis Offenbach und der Stadt Offenbach am Main sowie dem Rhein-Main-Gebiet neben der vollschulischen eine praxisintegrierte Ausbildungsform zum\/r Erzieher*in an. Die Ausbildung im Rahmen des Landesprogramms \u201eFachkr\u00e4fteoffensive Erzieherinnen\/Erzieher\u201c wird bezahlt, sofern der Tr\u00e4ger an diesem Programm teilnimmt.<\/p>\n<p>Unsere Partner sind Tr\u00e4ger aus der Stadt Offenbach und dem Landkreis Offenbach sowie dem Rhein-Main-Gebiet.<\/p>\n<p>Im Rahmen dieser praxisintegrierten Ausbildung (PivA) haben wir jetzt drei PivA Klassen in der Unterstufe im Schuljahr 2024\/25.<\/p>\n<p>Weitere Informationen erhalten Sie auch auf der Homepage <a href=\"https:\/\/www.grosse-zukunft-erzieher.de\">https:\/\/www.grosse-zukunft-erzieher.de<\/a><\/p>\n<p>Die Zulassungsvoraussetzungen f\u00fcr diese verg\u00fctete Ausbildung sind mit denen in der Vollzeitform identisch.<\/p>\n<p><a href=\"https:\/\/cwmp.de\/kks\/wp-content\/uploads\/Infoblatt-Fachschule-fuer-Sozialwesen-PivA-2021-1.pdf\">Klicken Sie hier f\u00fcr weitere Informationen zur Zulassung<\/a><\/p>\n<p>Dar\u00fcber hinaus k\u00f6nnen f\u00fcr die Fachschule f\u00fcr Sozialwesen mit der Fachrichtung Sozialp\u00e4dagogik weiterhin Bewerbungen f\u00fcr das n\u00e4chste Schuljahr eingereicht werden.<\/p>\n<p>&nbsp;<\/p>\n<div class=\"col-md-6 column column-2-1\">\n<div class=\"col-md-6 column column-2-2\">\n<h3>Die Aufnahme in die Fachschule f\u00fcr Sozialwesen setzt folgende Nachweise voraus:<\/h3>\n<ol>\n<li>Zeugnis des Mittleren Abschlusses oder die Versetzung in die Einf\u00fchrungsphase einer \u00f6ffentlichen oder als staatlich anerkannten gymnasialen Oberstufe oder ein als gleichwertig anerkanntes Zeugnis.<\/li>\n<li>Einen Berufsabschluss als Staatlich gepr\u00fcfte Sozialassistentin oder als Staatlich gepr\u00fcfter Sozialassistentoderden Abschluss einer einschl\u00e4gigen anerkannten Berufsausbildung von mindestens zweij\u00e4hriger Daueroderdie erfolgreiche Teilnahme an einer Feststellungspr\u00fcfung zum Nachweis einer nach Art und Dauer gleichwertigen beruflichen Vorbildung (Anrechnung weiterf\u00fchrender schulischer Abschl\u00fcsse sowie von praktischen T\u00e4tigkeiten gegebenenfalls m\u00f6glich).<\/li>\n<li>Gesundheitliche Eignung<\/li>\n<\/ol>\n<p><strong>Die Zulassung zur Feststellungspr\u00fcfung setzt den Nachweis einer nach Art und Dauer gleichwertigen beruflichen Vorbildung (siehe oben) voraus. Hierauf sind anzurechnen:<\/strong><\/p>\n<ul>\n<li>eine abgeschlossene Berufsausbildung,<\/li>\n<li>erzieherische und pflegerische T\u00e4tigkeit in der Familie bis zur Dauer von zwei Jahren,<\/li>\n<li>ein studienqualifizierender Abschluss in der Sekundarstufe II bis zur Dauer von zwei Jahren,<\/li>\n<li>f\u00f6rderliche Studienleistungen an Fachhochschulen und Hochschulen,<\/li>\n<li>die Ableistung eines sozialen Jahres im Sinne des Gesetzes zur F\u00f6rderung des freiwilligen sozialen Jahres,<\/li>\n<li>der Grundwehrdienst oder der Zivildienst,<\/li>\n<li>einen Auslandsaufenthalt als Au-Pair bis zur Dauer von 12 Monaten,<\/li>\n<li>einschl\u00e4gige Berufst\u00e4tigkeit von mind. drei\u00a0Jahren.<\/li>\n<\/ul>\n<div class=\"row-wrapper\">\n<div class=\"row cms-content\">\n<div class=\"col-md-6 column column-2-1\">\n<h3>Ausbildungsteam<\/h3>\n<p>Die Ausbildung erfolgt durch Kolleginnen und Kollegen mit langj\u00e4hriger Praxiserfahrungen in sozialp\u00e4dagogischen Einrichtungen und in der Lehrerausbildung und Lehrerfortbildung.<\/p>\n<\/div>\n<div class=\"col-md-6 column column-2-2\">\n<h3>Praktika<\/h3>\n<p>Die im Rahmen der Ausbildung zu absolvierenden Praktika im In- und Ausland werden in Kooperation mit den Praxisstellen vorbereitet, begleitet und ausgewertet.<\/p>\n<\/div>\n<\/div>\n<\/div>\n<div class=\"row-wrapper\">\n<div class=\"row cms-content\">\n<div class=\"col-md-6 column column-2-2\">\n<h3>Finanzierungsm\u00f6glichkeiten<\/h3>\n<p>F\u00f6rderung w\u00e4re \u00fcber einen Bildungsgutschein oder das &#8222;Aufstiegs-Baf\u00f6G&#8220; m\u00f6glich (bitte erkundigen Sie sich bei Ihrem zust\u00e4ndigen Amt f\u00fcr Ausbildungsf\u00f6rderung, z. B. bei den Kreisverwaltungen). <strong>Speziell f\u00fcr die Vollzeitausbildung ist dies eine attraktive Finanzierungsm\u00f6glichkeit<\/strong>! Weitere Informationen erhalten Sie hier:<\/p>\n<p><a href=\"https:\/\/www.arbeitsagentur.de\/karriere-und-weiterbildung\/foerderung-berufliche-weiterbildung\">https:\/\/www.arbeitsagentur.de\/karriere-und-weiterbildung\/foerderung-berufliche-weiterbildung<\/a><\/p>\n<p><a href=\"https:\/\/www.aufstiegs-bafoeg.de\/aufstiegsbafoeg\/de\/home\/home_node.html\">https:\/\/www.aufstiegs-bafoeg.de\/aufstiegsbafoeg\/de\/home\/home_node.html<\/a><\/p>\n<p>Unsere Schule ist nach AZAV f\u00fcr Bildungsgutscheine der Agentur f\u00fcr Arbeit zertifiziert!<\/p>\n<\/div>\n<\/div>\n<\/div>\n<div class=\"row-wrapper\">\n<div class=\"row cms-content\">\n<div class=\"col-md-6 column column-2-1\">\n<h3>Auswahlverfahren<\/h3>\n<p>Wenn mehr Bewerbungen eingehen als Ausbildungspl\u00e4tze zur Verf\u00fcgung stehen, gibt es ein Auswahlverfahren in Form einer schriftlichen Arbeit. Es findet landeseinheitlich in Hessen jeweils am zweiten Samstag im M\u00e4rz statt.<\/p>\n<\/div>\n<div class=\"col-md-6 column column-2-2\">\n<h3>Anmeldeschluss<\/h3>\n<p>15. Februar (Eingangsdatum<strong>)<\/strong><\/p>\n<\/div>\n<\/div>\n<\/div>\n<div class=\"row-wrapper\">\n<div class=\"row cms-content\">\n<div class=\"col-md-12 column column-1-1\">\n<p><strong>Hinweis:<\/strong><br \/>\nDie Ausbildung an unserer H\u00f6heren Berufsfachschule f\u00fcr Sozialassistenz bereitet Sie gezielt auf die Fachschule f\u00fcr Sozialwesen vor. N\u00e4here Informationen erhalten Sie <a href=\"https:\/\/www.kks-offenbach.de\/schulformen-ausbildung\/zweijaehrige-hoehere-berufsfachschule-fuer-sozialassistenz\/\" rel=\"noopener noreferrer\">HIER<\/a>.<\/p>\n<\/div>\n<\/div>\n<\/div>\n<\/div>\n<\/div>\n","protected":false},"excerpt":{"rendered":"<p>Unser Profil: Der wechselseitige Bezug der Lernorte \u201eFachschule\u201c und \u201ePraxis\u201c ist integraler Bestandteil der Ausbildung. Theorie und Fachpraxis werden konzeptionell eng miteinander verzahnt. Theoretische Inhalte werden zeitnah in der Praxis erprobt und im Unterricht reflektiert. In der Ausbildung soll durch die Reflexion des eigenen p\u00e4dagogischen Handelns eine professionelle Haltung entwickelt werden. Landesprogramm \u201eFachkr\u00e4fteoffensive Erzieherinnen\/Erzieher&#8220; Praxisintegrierte [&hellip;]<\/p>\n","protected":false},"author":7,"featured_media":0,"parent":139,"menu_order":12,"comment_status":"closed","ping_status":"closed","template":"","meta":{"footnotes":""},"categories":[],"tags":[],"class_list":["post-284","page","type-page","status-publish","hentry"],"featured_image_src":null,"publishpress_future_workflow_manual_trigger":{"enabledWorkflows":[]},"_links":{"self":[{"href":"https:\/\/cwmp.de\/kks\/wp-json\/wp\/v2\/pages\/284","targetHints":{"allow":["GET"]}}],"collection":[{"href":"https:\/\/cwmp.de\/kks\/wp-json\/wp\/v2\/pages"}],"about":[{"href":"https:\/\/cwmp.de\/kks\/wp-json\/wp\/v2\/types\/page"}],"author":[{"embeddable":true,"href":"https:\/\/cwmp.de\/kks\/wp-json\/wp\/v2\/users\/7"}],"replies":[{"embeddable":true,"href":"https:\/\/cwmp.de\/kks\/wp-json\/wp\/v2\/comments?post=284"}],"version-history":[{"count":39,"href":"https:\/\/cwmp.de\/kks\/wp-json\/wp\/v2\/pages\/284\/revisions"}],"predecessor-version":[{"id":3490,"href":"https:\/\/cwmp.de\/kks\/wp-json\/wp\/v2\/pages\/284\/revisions\/3490"}],"up":[{"embeddable":true,"href":"https:\/\/cwmp.de\/kks\/wp-json\/wp\/v2\/pages\/139"}],"wp:attachment":[{"href":"https:\/\/cwmp.de\/kks\/wp-json\/wp\/v2\/media?parent=284"}],"wp:term":[{"taxonomy":"category","embeddable":true,"href":"https:\/\/cwmp.de\/kks\/wp-json\/wp\/v2\/categories?post=284"},{"taxonomy":"post_tag","embeddable":true,"href":"https:\/\/cwmp.de\/kks\/wp-json\/wp\/v2\/tags?post=284"}],"curies":[{"name":"wp","href":"https:\/\/api.w.org\/{rel}","templated":true}]}}