{"id":303,"date":"2019-05-08T00:07:31","date_gmt":"2019-05-07T22:07:31","guid":{"rendered":"https:\/\/cwmp.de\/kks\/?page_id=303"},"modified":"2024-05-28T16:26:57","modified_gmt":"2024-05-28T14:26:57","slug":"geschichte","status":"publish","type":"page","link":"https:\/\/cwmp.de\/kks\/ueber-die-kks\/geschichte\/","title":{"rendered":"Geschichte"},"content":{"rendered":"<div class=\"row-wrapper\">\n<div class=\"row cms-content\">\n<div class=\"col-md-6 column column-2-1\">\n<p>Die heutige K\u00e4the-Kollwitz-Schule, 1894 als Gewerbeschule gegr\u00fcndet, blickt auf eine mehr als hundertj\u00e4hrige Geschichte zur\u00fcck in der zu Beginn vor allem berufst\u00e4tige M\u00e4dchen unterrichtet wurden.<br \/>\nSo b\u00fcrgerte sich der Name &#8222;M\u00e4dchenberufsschule&#8220; ein, der 1968 durch den Schulnamen oder heutigen Namen K\u00e4the Kollwitz Schule ersetzt wurde.<\/p>\n<\/div>\n<div class=\"col-md-6 column column-2-2\">\n<p>Mit Stolz tr\u00e4gt unsere Schule heute den Namen der bedeutenden Graphikerin, deren Werke den Menschen in den Mittelpunkt stellen und dabei voller Kraft und Mitgef\u00fchl seine sozialen N\u00f6te schildern.<br \/>\nSchwerpunkt der damaligen &#8222;Haushaltungsschule&#8220;, wie sie auch genannt wurde, war die Hauswirtschaft.<br \/>\nIn den f\u00fcnfziger und sechziger Jahren des letzten Jahrhunderts wurde der Schule ein Lehrkindergarten angeschlossen. Damit begr\u00fcndete sich eine sozialpflegerische Tradition, die sp\u00e4ter durch die Einrichtung der Fachschule f\u00fcr Sozialp\u00e4dagogik und der Fachoberschule mit dem Schwerpunkt Sozialwesen ihre Fortsetzung fand.<\/p>\n<\/div>\n<\/div>\n<\/div>\n<div class=\"row-wrapper\">\n<div class=\"row cms-content\">\n<div class=\"col-md-12 column column-1-1\">\n<h2>Die K\u00e4the Kollwitz Schule entwickelt ihre Angebote f\u00fcr Sch\u00fclerinnen und Sch\u00fcler kontinuierlich weiter<\/h2>\n<\/div>\n<\/div>\n<\/div>\n<div class=\"row-wrapper\">\n<div class=\"row cms-content\">\n<div class=\"col-md-6 column column-2-1\">\n<p>Seit den 70er Jahren des letzten Jahrhunderts kamen als weitere Bildungsangebote die Berufsfachschule, das Berufsvorbereitungsjahr und f\u00fcr benachteiligte Jugendliche Eingliederungsma\u00dfnahmen in die Berufs- und Arbeitswelt hinzu. Die K\u00e4the-Kollwitz-Schule wurde die zust\u00e4ndige Berufsschule f\u00fcr Menschen mit Behinderungen der Werkstatt f\u00fcr behinderte Menschen (WfbM).<\/p>\n<\/div>\n<div class=\"col-md-6 column column-2-2\">\n<p>Die K\u00e4the Kollwitz Schule hat es sich zur Aufgabe gemacht Sch\u00fclern und Sch\u00fclerinnen mit unterschiedlichen Voraussetzungen, Kenntnissen und F\u00e4higkeiten, die f\u00fcr sie bestm\u00f6gliche Ausbildung zu gew\u00e4hren. Wie in der Vergangenheit ist die Schule auch heute bestrebt, den Anforderungen der Zukunft gerecht zu werden.<\/p>\n<\/div>\n<\/div>\n<\/div>\n<div class=\"row-wrapper\">\n<div class=\"row cms-content\">\n<div class=\"col-md-12 column column-1-1\">\n<h2>Wir bieten heute unseren Sch\u00fclerinnen und Sch\u00fclern viele M\u00f6glichkeiten an ihre Ziele zu erreichen<\/h2>\n<\/div>\n<\/div>\n<\/div>\n<div class=\"row-wrapper\">\n<div class=\"row cms-content\">\n<div class=\"col-md-6 column column-2-1\">\n<p>Sie k\u00f6nnen bei uns z. B. den Hauptschulabschluss, einen Mittleren Bildungsabschluss und die Fachhochschulreife erwerben. Wir bieten Ihnen aber auch eine vollschulische Berufsausbildung zur Ma\u00dfschneiderin \/ zum Ma\u00dfschneider oder zur Erzieherin\/ zum Erzieher an.<\/p>\n<\/div>\n<div class=\"col-md-6 column column-2-2\">\n<p>Es werden bei uns Ausbildungsg\u00e4nge in den Berufsfeldern Ern\u00e4hrung und Hauswirtschaft, Gesundheit, Textiltechnik und Bekleidung, K\u00f6rperpflege sowie Sozialp\u00e4dagogik vorgehalten.<\/p>\n<p>Es handelt sich um \u00e4u\u00dferst interessante und kreative Angebote des berufsbezogenen und allgemeinbildenden Bereiches.<br \/>\nHandwerkliche und industriell ausgerichtete Schwerpunkte finden sich ebenso wie Inhalte von Psychologie, Soziologie, P\u00e4dagogik, Spielerziehung und Medienf\u00e4chern.<br \/>\nSie erg\u00e4nzen sich im Pflicht-, Wahlpflicht- und Wahlunterricht zu einer breiten Angebotspalette, die in traditionellen, aber zunehmend immer st\u00e4rker in projekt-, produkt- und handlungsorientierten Unterrichtsformen vermittelt wird.<\/p>\n<p>Wie unsere Namensgeberin stellen wir den Menschen bzw. unsere Sch\u00fcler und Sch\u00fclerinnen in den Vordergrund.<\/p>\n<\/div>\n<\/div>\n<\/div>\n","protected":false},"excerpt":{"rendered":"<p>Die heutige K\u00e4the-Kollwitz-Schule, 1894 als Gewerbeschule gegr\u00fcndet, blickt auf eine mehr als hundertj\u00e4hrige Geschichte zur\u00fcck in der zu Beginn vor allem berufst\u00e4tige M\u00e4dchen unterrichtet wurden. So b\u00fcrgerte sich der Name &#8222;M\u00e4dchenberufsschule&#8220; ein, der 1968 durch den Schulnamen oder heutigen Namen K\u00e4the Kollwitz Schule ersetzt wurde. Mit Stolz tr\u00e4gt unsere Schule heute den Namen der bedeutenden [&hellip;]<\/p>\n","protected":false},"author":7,"featured_media":0,"parent":141,"menu_order":0,"comment_status":"closed","ping_status":"closed","template":"","meta":{"footnotes":""},"categories":[],"tags":[],"class_list":["post-303","page","type-page","status-publish","hentry"],"featured_image_src":null,"publishpress_future_workflow_manual_trigger":{"enabledWorkflows":[]},"_links":{"self":[{"href":"https:\/\/cwmp.de\/kks\/wp-json\/wp\/v2\/pages\/303","targetHints":{"allow":["GET"]}}],"collection":[{"href":"https:\/\/cwmp.de\/kks\/wp-json\/wp\/v2\/pages"}],"about":[{"href":"https:\/\/cwmp.de\/kks\/wp-json\/wp\/v2\/types\/page"}],"author":[{"embeddable":true,"href":"https:\/\/cwmp.de\/kks\/wp-json\/wp\/v2\/users\/7"}],"replies":[{"embeddable":true,"href":"https:\/\/cwmp.de\/kks\/wp-json\/wp\/v2\/comments?post=303"}],"version-history":[{"count":5,"href":"https:\/\/cwmp.de\/kks\/wp-json\/wp\/v2\/pages\/303\/revisions"}],"predecessor-version":[{"id":3453,"href":"https:\/\/cwmp.de\/kks\/wp-json\/wp\/v2\/pages\/303\/revisions\/3453"}],"up":[{"embeddable":true,"href":"https:\/\/cwmp.de\/kks\/wp-json\/wp\/v2\/pages\/141"}],"wp:attachment":[{"href":"https:\/\/cwmp.de\/kks\/wp-json\/wp\/v2\/media?parent=303"}],"wp:term":[{"taxonomy":"category","embeddable":true,"href":"https:\/\/cwmp.de\/kks\/wp-json\/wp\/v2\/categories?post=303"},{"taxonomy":"post_tag","embeddable":true,"href":"https:\/\/cwmp.de\/kks\/wp-json\/wp\/v2\/tags?post=303"}],"curies":[{"name":"wp","href":"https:\/\/api.w.org\/{rel}","templated":true}]}}