{"id":362,"date":"2019-05-11T15:20:44","date_gmt":"2019-05-11T13:20:44","guid":{"rendered":"https:\/\/cwmp.de\/kks\/?page_id=362"},"modified":"2020-10-26T16:10:17","modified_gmt":"2020-10-26T15:10:17","slug":"berufsschule-textiltechnik-und-bekleidung","status":"publish","type":"page","link":"https:\/\/cwmp.de\/kks\/schulformen-ausbildung\/berufsschule-textiltechnik-und-bekleidung\/","title":{"rendered":"Berufsschule Textiltechnik und Bekleidung"},"content":{"rendered":"<h2>\u00c4nderungsschneider\/in<\/h2>\n<p>\u00c4nderungsschneider\/innen reparieren, \u00e4ndern und modernisieren Kleidungsst\u00fccke ma\u00dfgerecht und entsprechend der Kundenw\u00fcnsche, n\u00e4hen und \u00e4ndern aber auch Heimtextilien. Sie beraten die Kunden \u00fcber \u00c4nderungsm\u00f6glichkeiten und Kosten und disponieren die erforderlichen Materialien. Ihren Einsatz finden \u00c4nderungsschneider\/innen \u00fcberwiegend in handwerklichen Kleinbetrieben und in den N\u00e4hateliers von Kauf- und Modeh\u00e4usern. Die Ausbildung dauert zwei Jahre und kann bei erfolgreichem Abschluss auf die Ma\u00dfschneiderausbildung angerechnet werden.<\/p>\n<p>Der Rahmenlehrplan ist die Grundlage f\u00fcr den Unterricht in der Berufsschule und zeitlich sowie inhaltlich mit dem Ausbildungsrahmenplan abgestimmt. Der berufsbezogene Unterricht ist in Lernfelder unterteilt, die allgemeinbildenden F\u00e4cher folgen den landesrechtlichen Vorschriften.<\/p>\n<p>Der Berufsschulunterricht findet an zwei Unterrichtstagen statt.<\/p>\n<h3>Lernfelder berufsbezogener Unterricht<\/h3>\n<ol>\n<li>Ausw\u00e4hlen eines Werkstoffs f\u00fcr ein einfaches Bekleidungsst\u00fccks<\/li>\n<li>N\u00e4hen eines Kleinteils<\/li>\n<li>B\u00fcgeln eines Werkst\u00fccks<\/li>\n<li>Zuschneiden von Werks- und Hilfsstoffen<\/li>\n<li>Konstruieren einer Bekleidungsgrundform<\/li>\n<li>Einarbeiten von fertigungstechnischem Zubeh\u00f6r in ein Bekleidungsst\u00fcck<\/li>\n<li>Zurichten von Kleinteilen und Gro\u00dfst\u00fccken<\/li>\n<li>\u00c4ndern von Werkst\u00fccken<\/li>\n<li>Gestalten von Details<\/li>\n<li>Aufarbeiten von Bekleidung<\/li>\n<\/ol>\n<p><strong>Die Zwischen- und Gesellenpr\u00fcfung wird vor der Handwerkskammer Darmstadt abgelegt.<\/strong><\/p>\n","protected":false},"excerpt":{"rendered":"<p>\u00c4nderungsschneider\/in \u00c4nderungsschneider\/innen reparieren, \u00e4ndern und modernisieren Kleidungsst\u00fccke ma\u00dfgerecht und entsprechend der Kundenw\u00fcnsche, n\u00e4hen und \u00e4ndern aber auch Heimtextilien. Sie beraten die Kunden \u00fcber \u00c4nderungsm\u00f6glichkeiten und Kosten und disponieren die erforderlichen Materialien. Ihren Einsatz finden \u00c4nderungsschneider\/innen \u00fcberwiegend in handwerklichen Kleinbetrieben und in den N\u00e4hateliers von Kauf- und Modeh\u00e4usern. Die Ausbildung dauert zwei Jahre und kann bei [&hellip;]<\/p>\n","protected":false},"author":7,"featured_media":0,"parent":139,"menu_order":2,"comment_status":"closed","ping_status":"closed","template":"","meta":{"footnotes":""},"categories":[],"tags":[],"class_list":["post-362","page","type-page","status-publish","hentry"],"featured_image_src":null,"publishpress_future_workflow_manual_trigger":{"enabledWorkflows":[]},"_links":{"self":[{"href":"https:\/\/cwmp.de\/kks\/wp-json\/wp\/v2\/pages\/362","targetHints":{"allow":["GET"]}}],"collection":[{"href":"https:\/\/cwmp.de\/kks\/wp-json\/wp\/v2\/pages"}],"about":[{"href":"https:\/\/cwmp.de\/kks\/wp-json\/wp\/v2\/types\/page"}],"author":[{"embeddable":true,"href":"https:\/\/cwmp.de\/kks\/wp-json\/wp\/v2\/users\/7"}],"replies":[{"embeddable":true,"href":"https:\/\/cwmp.de\/kks\/wp-json\/wp\/v2\/comments?post=362"}],"version-history":[{"count":13,"href":"https:\/\/cwmp.de\/kks\/wp-json\/wp\/v2\/pages\/362\/revisions"}],"predecessor-version":[{"id":1398,"href":"https:\/\/cwmp.de\/kks\/wp-json\/wp\/v2\/pages\/362\/revisions\/1398"}],"up":[{"embeddable":true,"href":"https:\/\/cwmp.de\/kks\/wp-json\/wp\/v2\/pages\/139"}],"wp:attachment":[{"href":"https:\/\/cwmp.de\/kks\/wp-json\/wp\/v2\/media?parent=362"}],"wp:term":[{"taxonomy":"category","embeddable":true,"href":"https:\/\/cwmp.de\/kks\/wp-json\/wp\/v2\/categories?post=362"},{"taxonomy":"post_tag","embeddable":true,"href":"https:\/\/cwmp.de\/kks\/wp-json\/wp\/v2\/tags?post=362"}],"curies":[{"name":"wp","href":"https:\/\/api.w.org\/{rel}","templated":true}]}}