{"id":366,"date":"2019-05-11T15:32:16","date_gmt":"2019-05-11T13:32:16","guid":{"rendered":"https:\/\/cwmp.de\/kks\/?page_id=366"},"modified":"2024-08-16T19:09:23","modified_gmt":"2024-08-16T17:09:23","slug":"berufsschule-lebensmittelhandwerk-baecker-baeckerin","status":"publish","type":"page","link":"https:\/\/cwmp.de\/kks\/schulformen-ausbildung\/berufsschule-lebensmittelhandwerk-baecker-baeckerin\/","title":{"rendered":"Berufsschule B\u00e4cker\/B\u00e4ckerin"},"content":{"rendered":"\n<h2 class=\"wp-block-heading\">Voraussetzungen<\/h2>\n\n\n\n<p>Auszubildende, die einen Ausbildungsvertrag mit einer B\u00e4ckerei\/Konditorei aus Offenbach oder dem Kreis Offenbach abgeschlossen haben, werden an der K\u00e4the-Kollwitz-Schule im Dualen System unterrichtet.<\/p>\n\n\n\n<h2 class=\"wp-block-heading\">Unterricht<\/h2>\n\n\n\n<p>Der Berufsschulunterricht findet an 1,5 Tagen \/ Woche statt. Er ist zeitlich und inhaltlich mit dem Ausbildungsrahmenplan abgestimmt.<\/p>\n\n\n\n<p>Der berufsbezogene Unterricht ist in Lernfelder gegliedert.<\/p>\n\n\n\n<h2 class=\"wp-block-heading\">\u00dcbersicht \u00fcber die Lernfelder<\/h2>\n\n\n\n<h3 class=\"wp-block-heading\">Lernfeld<\/h3>\n\n\n\n<ol class=\"wp-block-list\">\n<li>Unterweisen einer neuen Mitarbeiterin, eines neuen Mitarbeiters<\/li>\n\n\n\n<li>Herstellen einfacher Teige und Massen<\/li>\n\n\n\n<li>Gestalten, werben, Beraten und Verkaufen<\/li>\n\n\n\n<li>Herstellen von feinen Backwaren aus Massen<\/li>\n\n\n\n<li>Herstellen von Weizenbrot und -kleingeb\u00e4cken<\/li>\n\n\n\n<li>Herstellen von Backwarensnacks<\/li>\n\n\n\n<li>Herstellen und Verarbeiten von Sauerteig<\/li>\n\n\n\n<li>Herstellen von roggenhaltigem Brot und Kleingeb\u00e4cken<\/li>\n\n\n\n<li>Herstellen von Schrot-, Vollkorn- und Spezialbroten<\/li>\n\n\n\n<li>Herstellen von feinen Backwaren aus Massen<\/li>\n\n\n\n<li>Herstellen von Torten und Desserts<\/li>\n\n\n\n<li>Herstellen von kleinen Gerichten<\/li>\n\n\n\n<li>Planen und Durchf\u00fchren einer Aktionswoche<\/li>\n<\/ol>\n\n\n\n<p>Dar\u00fcber hinaus gibt es allgemeinbildenden Unterricht mit den F\u00e4chern Deutsch, Politik und Wirtschaft, Religion, Sport sowie Wahlpflichtunterricht Fachrechnen.<\/p>\n\n\n\n<p>Exkursionen, Verkaufsaktionen und Projektunterricht erg\u00e4nzen den Praxisunterricht (4 Stunden\/Woche) in der Backstube und dem Verkaufsraum der K\u00e4the-Kollwitz-Schule.<\/p>\n\n\n\n<h2 class=\"wp-block-heading\">Pr\u00fcfungen<\/h2>\n\n\n\n<p>Die Ausbildung dauert in der Regel 3 Jahre und endet mit dem Bestehen der Gesellenpr\u00fcfung. Nach der H\u00e4lfte der Ausbildungszeit wird eine Zwischenpr\u00fcfung abgelegt. Eine Verk\u00fcrzung der Ausbildungszeit um 6 Monate ist bei guten Leistungen in der Berufsschule und im Betrieb m\u00f6glich.<\/p>\n\n\n\n<p>Die Pr\u00fcfungen werden von der Handwerkskammer Rhein-Main in Zusammenarbeit mit der B\u00e4ckerinnung Untermain und der Berufsschule durchgef\u00fchrt.<\/p>\n\n\n\n<h2 class=\"wp-block-heading\">Zusatzqualifikationen<\/h2>\n\n\n\n<p>Auszubildende ohne Hauptschulabschluss erlangen mit bestandener Gesellenpr\u00fcfung den Hauptschulabschluss.<\/p>\n\n\n\n<p>Unter bestimmten Bedingungen kann mit zus\u00e4tzlichem Englischunterricht parallel zum Berufsschulunterricht ein mittlerer Abschluss (Realschulabschluss) erworben werden.<\/p>\n\n\n\n<p>Der Erwerb der Fachhochschulreife ist ebenfalls m\u00f6glich.<\/p>\n","protected":false},"excerpt":{"rendered":"<p>Voraussetzungen Auszubildende, die einen Ausbildungsvertrag mit einer B\u00e4ckerei\/Konditorei aus Offenbach oder dem Kreis Offenbach abgeschlossen haben, werden an der K\u00e4the-Kollwitz-Schule im Dualen System unterrichtet. Unterricht Der Berufsschulunterricht findet an 1,5 Tagen \/ Woche statt. Er ist zeitlich und inhaltlich mit dem Ausbildungsrahmenplan abgestimmt. Der berufsbezogene Unterricht ist in Lernfelder gegliedert. \u00dcbersicht \u00fcber die Lernfelder Lernfeld [&hellip;]<\/p>\n","protected":false},"author":7,"featured_media":0,"parent":139,"menu_order":0,"comment_status":"closed","ping_status":"closed","template":"","meta":{"footnotes":""},"categories":[],"tags":[],"class_list":["post-366","page","type-page","status-publish","hentry"],"featured_image_src":null,"publishpress_future_workflow_manual_trigger":{"enabledWorkflows":[]},"_links":{"self":[{"href":"https:\/\/cwmp.de\/kks\/wp-json\/wp\/v2\/pages\/366","targetHints":{"allow":["GET"]}}],"collection":[{"href":"https:\/\/cwmp.de\/kks\/wp-json\/wp\/v2\/pages"}],"about":[{"href":"https:\/\/cwmp.de\/kks\/wp-json\/wp\/v2\/types\/page"}],"author":[{"embeddable":true,"href":"https:\/\/cwmp.de\/kks\/wp-json\/wp\/v2\/users\/7"}],"replies":[{"embeddable":true,"href":"https:\/\/cwmp.de\/kks\/wp-json\/wp\/v2\/comments?post=366"}],"version-history":[{"count":29,"href":"https:\/\/cwmp.de\/kks\/wp-json\/wp\/v2\/pages\/366\/revisions"}],"predecessor-version":[{"id":3560,"href":"https:\/\/cwmp.de\/kks\/wp-json\/wp\/v2\/pages\/366\/revisions\/3560"}],"up":[{"embeddable":true,"href":"https:\/\/cwmp.de\/kks\/wp-json\/wp\/v2\/pages\/139"}],"wp:attachment":[{"href":"https:\/\/cwmp.de\/kks\/wp-json\/wp\/v2\/media?parent=366"}],"wp:term":[{"taxonomy":"category","embeddable":true,"href":"https:\/\/cwmp.de\/kks\/wp-json\/wp\/v2\/categories?post=366"},{"taxonomy":"post_tag","embeddable":true,"href":"https:\/\/cwmp.de\/kks\/wp-json\/wp\/v2\/tags?post=366"}],"curies":[{"name":"wp","href":"https:\/\/api.w.org\/{rel}","templated":true}]}}