{"id":371,"date":"2019-05-11T15:38:13","date_gmt":"2019-05-11T13:38:13","guid":{"rendered":"https:\/\/cwmp.de\/kks\/?page_id=371"},"modified":"2021-11-16T15:52:44","modified_gmt":"2021-11-16T14:52:44","slug":"berufsschule-fachverkaeufer-fachverkaeuferin-im-lebensmittelhandwerk","status":"publish","type":"page","link":"https:\/\/cwmp.de\/kks\/schulformen-ausbildung\/berufsschule-fachverkaeufer-fachverkaeuferin-im-lebensmittelhandwerk\/","title":{"rendered":"Berufsschule Fachverk\u00e4ufer\/Fachverk\u00e4uferin im Lebensmittelhandwerk"},"content":{"rendered":"<h2>Schwerpunkt B\u00e4ckerei\/Konditorei<\/h2>\n<h2>Voraussetzungen<\/h2>\n<p>Auszubildende, die einen Ausbildungsvertrag mit einer B\u00e4ckerei\/Konditorei aus Offenbach oder dem Kreis Offenbach abgeschlossen haben, werden an der K\u00e4the-Kollwitz-Schule im Dualen System unterrichtet.<\/p>\n<h2>Unterricht<\/h2>\n<p>Der Berufsschulunterricht findet an 1,5 Tagen \/ Woche statt. Er ist zeitlich und inhaltlich mit dem Ausbildungsrahmenplan abgestimmt.<\/p>\n<p>Der berufsbezogene Unterricht ist in Lernfelder gegliedert.<\/p>\n<h2>\u00dcbersicht \u00fcber die Lernfelder<\/h2>\n<h3>Lernfeld<\/h3>\n<ol>\n<li>Unterweisen einer neuen Mitarbeiterin, eines neuen Mitarbeiters<\/li>\n<li>Herstellen einfacher Teige und Massen<\/li>\n<li>Gestalten, werben, Beraten und Verkaufen<\/li>\n<li>Herstellen von feinen Backwaren aus Teigen<\/li>\n<li>Verkauf aktiv gestalten<\/li>\n<li>Waren kundenorientiert verkaufen<\/li>\n<li>Speisen herstellen und anrichten<\/li>\n<li>Produkte verkaufsf\u00f6rdernd pr\u00e4sentieren<\/li>\n<li>Besondere Verkaufssituationen gestalten<\/li>\n<li>Waren fachlich fundiert verkaufen<\/li>\n<li>Gerichte herstellen und anrichten<\/li>\n<li>Gerichte und Getr\u00e4nke pr\u00e4sentieren und servieren<\/li>\n<li>Umsatz und Kundenbindung durch Verkaufsaktionen f\u00f6rdern<\/li>\n<\/ol>\n<p>Dar\u00fcber hinaus gibt es allgemeinbildenden Unterricht mit den F\u00e4chern Deutsch, Politik und Wirtschaft, Religion, Sport sowie Wahlpflichtunterricht Fachrechnen.<\/p>\n<p>Exkursionen, Verkaufsaktionen und Projektunterricht erg\u00e4nzen den Praxisunterricht (4 Stunden\/Woche) in der Backstube und dem Verkaufsraum der K\u00e4the-Kollwitz-Schule.<\/p>\n<h2>Pr\u00fcfungen<\/h2>\n<p>Die Ausbildung dauert in der Regel 3 Jahre und endet mit dem Bestehen der Gesellenpr\u00fcfung. Nach der H\u00e4lfte der Ausbildungszeit wird eine Zwischenpr\u00fcfung abgelegt. Eine Verk\u00fcrzung der Ausbildungszeit um 6 Monate ist bei guten Leistungen in der Berufsschule und im Betrieb m\u00f6glich.<\/p>\n<p>Die Pr\u00fcfungen werden von der Handwerkskammer Rhein-Main in Zusammenarbeit mit der B\u00e4ckerinnung Untermain und der Berufsschule durchgef\u00fchrt.<\/p>\n<h2>Zusatzqualifikationen<\/h2>\n<p>Auszubildende ohne Hauptschulabschluss erlangen mit bestandener Gesellenpr\u00fcfung den Hauptschulabschluss.<\/p>\n<p>Unter bestimmten Bedingungen kann mit zus\u00e4tzlichem Englischunterricht parallel zum Berufsschulunterricht ein mittlerer Abschluss (Realschulabschluss) erworben werden.<\/p>\n<p>Der Erwerb der Fachhochschulreife ist ebenfalls m\u00f6glich.<\/p>\n","protected":false},"excerpt":{"rendered":"<p>Schwerpunkt B\u00e4ckerei\/Konditorei Voraussetzungen Auszubildende, die einen Ausbildungsvertrag mit einer B\u00e4ckerei\/Konditorei aus Offenbach oder dem Kreis Offenbach abgeschlossen haben, werden an der K\u00e4the-Kollwitz-Schule im Dualen System unterrichtet. Unterricht Der Berufsschulunterricht findet an 1,5 Tagen \/ Woche statt. Er ist zeitlich und inhaltlich mit dem Ausbildungsrahmenplan abgestimmt. Der berufsbezogene Unterricht ist in Lernfelder gegliedert. \u00dcbersicht \u00fcber die [&hellip;]<\/p>\n","protected":false},"author":7,"featured_media":0,"parent":139,"menu_order":1,"comment_status":"closed","ping_status":"closed","template":"","meta":{"footnotes":""},"categories":[],"tags":[],"class_list":["post-371","page","type-page","status-publish","hentry"],"featured_image_src":null,"publishpress_future_workflow_manual_trigger":{"enabledWorkflows":[]},"_links":{"self":[{"href":"https:\/\/cwmp.de\/kks\/wp-json\/wp\/v2\/pages\/371","targetHints":{"allow":["GET"]}}],"collection":[{"href":"https:\/\/cwmp.de\/kks\/wp-json\/wp\/v2\/pages"}],"about":[{"href":"https:\/\/cwmp.de\/kks\/wp-json\/wp\/v2\/types\/page"}],"author":[{"embeddable":true,"href":"https:\/\/cwmp.de\/kks\/wp-json\/wp\/v2\/users\/7"}],"replies":[{"embeddable":true,"href":"https:\/\/cwmp.de\/kks\/wp-json\/wp\/v2\/comments?post=371"}],"version-history":[{"count":18,"href":"https:\/\/cwmp.de\/kks\/wp-json\/wp\/v2\/pages\/371\/revisions"}],"predecessor-version":[{"id":1892,"href":"https:\/\/cwmp.de\/kks\/wp-json\/wp\/v2\/pages\/371\/revisions\/1892"}],"up":[{"embeddable":true,"href":"https:\/\/cwmp.de\/kks\/wp-json\/wp\/v2\/pages\/139"}],"wp:attachment":[{"href":"https:\/\/cwmp.de\/kks\/wp-json\/wp\/v2\/media?parent=371"}],"wp:term":[{"taxonomy":"category","embeddable":true,"href":"https:\/\/cwmp.de\/kks\/wp-json\/wp\/v2\/categories?post=371"},{"taxonomy":"post_tag","embeddable":true,"href":"https:\/\/cwmp.de\/kks\/wp-json\/wp\/v2\/tags?post=371"}],"curies":[{"name":"wp","href":"https:\/\/api.w.org\/{rel}","templated":true}]}}