{"id":392,"date":"2019-05-12T12:03:51","date_gmt":"2019-05-12T10:03:51","guid":{"rendered":"https:\/\/cwmp.de\/kks\/?page_id=392"},"modified":"2024-03-22T17:26:24","modified_gmt":"2024-03-22T16:26:24","slug":"intea-integration-und-abschluss","status":"publish","type":"page","link":"https:\/\/cwmp.de\/kks\/schulformen-ausbildung\/intea-integration-und-abschluss\/","title":{"rendered":"InteA &#8211; Integration und Abschluss"},"content":{"rendered":"<p>Die K\u00e4the-Kollwitz-Schule nimmt an dem Sprachf\u00f6rderkonzept der Hessischen Landesregierung teil. Das neue Konzept greift einerseits bew\u00e4hrte Strukturen bisheriger Programme auf, z.B. von EIBE (Eingliederung in die Berufs- und Arbeitswelt) hinsichtlich der sozialp\u00e4dagogischen Betreuung, stellt aber andererseits im Wesentlichen eine Neukonzeptionierung dar, denn es zielt speziell auf die sehr unterschiedlichen Lebenslagen der Seiteneinsteigerinnen und Seiteneinsteiger ab.<\/p>\n<div class=\"row-wrapper\">\n<div class=\"row cms-content\">\n<div class=\"col-md-6 column column-2-1\">\n<h2>Was ist InteA?<\/h2>\n<ul>\n<li>Intensivsprachf\u00f6rderma\u00dfnahmen im allgemeinbildenden Bereich<\/li>\n<li>ein schulisches Angebot f\u00fcr die Gruppe der Seiteneinsteiger ohne Deutschkenntnisse in allen Altersgruppen<\/li>\n<li>InteA stellt den Erwerb der Bildungssprache Deutsch in enge Verbindung mit dem handlungsorientierten Fachsprachenerwerb in den Fokus<\/li>\n<\/ul>\n<p>Seit dem Schuljahr 2015\/ 2016 gibt es f\u00fcr die Seiteneinsteiger das Konzept InteA &#8211; Integration und Abschluss. Informationen gibt es auch auf den Seiten des Kultusministeriums:<\/p>\n<p><a href=\"https:\/\/kultusministerium.hessen.de\/Unterricht\/Sprachkompetenz\/Schulisches-Gesamtsprachfoerderkonzept\">https:\/\/kultusministerium.hessen.de\/Unterricht\/Sprachkompetenz\/Schulisches-Gesamtsprachfoerderkonzept<\/a><\/p>\n<h2>An wen richtet sich InteA?<\/h2>\n<p>Hauptzielgruppe von InteA sind diejenigen Seiteneinsteiger, die zum Zeitpunkt der Einreise 16 Jahre und \u00e4lter sind und somit nicht mehr der Vollzeitschulpflicht unterliegen, die beim Einstieg in das Programm ihr 18. Lebensjahr in der Regel aber noch nicht vollendet haben.<\/p>\n<\/div>\n<\/div>\n<\/div>\n<p>&nbsp;<\/p>\n","protected":false},"excerpt":{"rendered":"<p>Die K\u00e4the-Kollwitz-Schule nimmt an dem Sprachf\u00f6rderkonzept der Hessischen Landesregierung teil. Das neue Konzept greift einerseits bew\u00e4hrte Strukturen bisheriger Programme auf, z.B. von EIBE (Eingliederung in die Berufs- und Arbeitswelt) hinsichtlich der sozialp\u00e4dagogischen Betreuung, stellt aber andererseits im Wesentlichen eine Neukonzeptionierung dar, denn es zielt speziell auf die sehr unterschiedlichen Lebenslagen der Seiteneinsteigerinnen und Seiteneinsteiger ab. [&hellip;]<\/p>\n","protected":false},"author":7,"featured_media":0,"parent":139,"menu_order":5,"comment_status":"closed","ping_status":"closed","template":"","meta":{"footnotes":""},"categories":[],"tags":[],"class_list":["post-392","page","type-page","status-publish","hentry"],"featured_image_src":null,"publishpress_future_workflow_manual_trigger":{"enabledWorkflows":[]},"_links":{"self":[{"href":"https:\/\/cwmp.de\/kks\/wp-json\/wp\/v2\/pages\/392","targetHints":{"allow":["GET"]}}],"collection":[{"href":"https:\/\/cwmp.de\/kks\/wp-json\/wp\/v2\/pages"}],"about":[{"href":"https:\/\/cwmp.de\/kks\/wp-json\/wp\/v2\/types\/page"}],"author":[{"embeddable":true,"href":"https:\/\/cwmp.de\/kks\/wp-json\/wp\/v2\/users\/7"}],"replies":[{"embeddable":true,"href":"https:\/\/cwmp.de\/kks\/wp-json\/wp\/v2\/comments?post=392"}],"version-history":[{"count":16,"href":"https:\/\/cwmp.de\/kks\/wp-json\/wp\/v2\/pages\/392\/revisions"}],"predecessor-version":[{"id":3352,"href":"https:\/\/cwmp.de\/kks\/wp-json\/wp\/v2\/pages\/392\/revisions\/3352"}],"up":[{"embeddable":true,"href":"https:\/\/cwmp.de\/kks\/wp-json\/wp\/v2\/pages\/139"}],"wp:attachment":[{"href":"https:\/\/cwmp.de\/kks\/wp-json\/wp\/v2\/media?parent=392"}],"wp:term":[{"taxonomy":"category","embeddable":true,"href":"https:\/\/cwmp.de\/kks\/wp-json\/wp\/v2\/categories?post=392"},{"taxonomy":"post_tag","embeddable":true,"href":"https:\/\/cwmp.de\/kks\/wp-json\/wp\/v2\/tags?post=392"}],"curies":[{"name":"wp","href":"https:\/\/api.w.org\/{rel}","templated":true}]}}