{"id":395,"date":"2019-05-12T12:05:03","date_gmt":"2019-05-12T10:05:03","guid":{"rendered":"https:\/\/cwmp.de\/kks\/?page_id=395"},"modified":"2019-06-06T11:15:14","modified_gmt":"2019-06-06T09:15:14","slug":"berufsvorbereitende-bildungsmassnahmen-bvb-in-teilzeit","status":"publish","type":"page","link":"https:\/\/cwmp.de\/kks\/schulformen-ausbildung\/berufsvorbereitende-bildungsmassnahmen-bvb-in-teilzeit\/","title":{"rendered":"Berufsvorbereitende Bildungsma\u00dfnahmen (BvB) in Teilzeit"},"content":{"rendered":"<p>Dies sind Ma\u00dfnahmen der <a href=\"http:\/\/www.arbeitsagentur.de\" target=\"_blank\" rel=\"noopener noreferrer\">Agentur f\u00fcr Arbeit<\/a> und finden in Kooperation mit Tr\u00e4gern wie dem Zugpferd e.V.\u200b, dem Gelben Haus, dem Start-Projekt (Produktionsschule) sowie der <a href=\"http:\/\/www.uss.de\" target=\"_blank\" rel=\"noopener noreferrer\">USS GmbH<\/a> statt.<\/p>\n<p>Berufsvorbereitende Bildungsma\u00dfnahmen sollen zur beruflichen Orientierung dienen und zur Aufnahme einer Berufsausbildung oder einer beruflichen T\u00e4tigkeit vorbereiten.<\/p>\n<p>Hierbei ist die K\u00e4the-Kollwitz-Schule die Begleitung, die bei der Ma\u00dfnahme den w\u00f6chentlichen Berufsschulunterricht f\u00fcr die Teilnehmer anbietet.<\/p>\n<p><strong>Dauer der Ma\u00dfnahme:<\/strong><\/p>\n<ul>\n<li>Maximal 10 Monate<\/li>\n<\/ul>\n<p><strong>Was die K\u00e4the-Kollwitz-Schule w\u00e4hrend dieser Ma\u00dfnahme bieten kann:<\/strong><\/p>\n<p>a) Vertiefung und Festigung vorhandener Schulkenntnisse<\/p>\n<p>b) Vorbereitung auf die externe Hauptschulabschlusspr\u00fcfung gemeinsam mit dem Tr\u00e4ger<\/p>\n","protected":false},"excerpt":{"rendered":"<p>Dies sind Ma\u00dfnahmen der Agentur f\u00fcr Arbeit und finden in Kooperation mit Tr\u00e4gern wie dem Zugpferd e.V.\u200b, dem Gelben Haus, dem Start-Projekt (Produktionsschule) sowie der USS GmbH statt. Berufsvorbereitende Bildungsma\u00dfnahmen sollen zur beruflichen Orientierung dienen und zur Aufnahme einer Berufsausbildung oder einer beruflichen T\u00e4tigkeit vorbereiten. Hierbei ist die K\u00e4the-Kollwitz-Schule die Begleitung, die bei der Ma\u00dfnahme [&hellip;]<\/p>\n","protected":false},"author":7,"featured_media":0,"parent":139,"menu_order":7,"comment_status":"closed","ping_status":"closed","template":"","meta":{"footnotes":""},"categories":[],"tags":[],"class_list":["post-395","page","type-page","status-publish","hentry"],"featured_image_src":null,"publishpress_future_workflow_manual_trigger":{"enabledWorkflows":[]},"_links":{"self":[{"href":"https:\/\/cwmp.de\/kks\/wp-json\/wp\/v2\/pages\/395","targetHints":{"allow":["GET"]}}],"collection":[{"href":"https:\/\/cwmp.de\/kks\/wp-json\/wp\/v2\/pages"}],"about":[{"href":"https:\/\/cwmp.de\/kks\/wp-json\/wp\/v2\/types\/page"}],"author":[{"embeddable":true,"href":"https:\/\/cwmp.de\/kks\/wp-json\/wp\/v2\/users\/7"}],"replies":[{"embeddable":true,"href":"https:\/\/cwmp.de\/kks\/wp-json\/wp\/v2\/comments?post=395"}],"version-history":[{"count":3,"href":"https:\/\/cwmp.de\/kks\/wp-json\/wp\/v2\/pages\/395\/revisions"}],"predecessor-version":[{"id":568,"href":"https:\/\/cwmp.de\/kks\/wp-json\/wp\/v2\/pages\/395\/revisions\/568"}],"up":[{"embeddable":true,"href":"https:\/\/cwmp.de\/kks\/wp-json\/wp\/v2\/pages\/139"}],"wp:attachment":[{"href":"https:\/\/cwmp.de\/kks\/wp-json\/wp\/v2\/media?parent=395"}],"wp:term":[{"taxonomy":"category","embeddable":true,"href":"https:\/\/cwmp.de\/kks\/wp-json\/wp\/v2\/categories?post=395"},{"taxonomy":"post_tag","embeddable":true,"href":"https:\/\/cwmp.de\/kks\/wp-json\/wp\/v2\/tags?post=395"}],"curies":[{"name":"wp","href":"https:\/\/api.w.org\/{rel}","templated":true}]}}