{"id":421,"date":"2019-05-12T23:06:16","date_gmt":"2019-05-12T21:06:16","guid":{"rendered":"https:\/\/cwmp.de\/kks\/?page_id=421"},"modified":"2023-07-04T18:17:20","modified_gmt":"2023-07-04T16:17:20","slug":"beratung","status":"publish","type":"page","link":"https:\/\/cwmp.de\/kks\/unterstuetzung-beratung\/beratung\/","title":{"rendered":"Beratung"},"content":{"rendered":"<p><strong>Das Beratungslehrerinnenteam an der K\u00e4the-Kollwitz-Schule<\/strong><\/p>\n<p>Wir sind Ansprechpartnerinnen und helfen weiter bei<\/p>\n<ul>\n<li>schulischen Krisen<\/li>\n<li>pers\u00f6nlichen Krisen<\/li>\n<li>Schwangerschaftskonflikten<\/li>\n<li>Problemen in der Familie<\/li>\n<li>Sucht- und anderen Problemen.<\/li>\n<\/ul>\n<p>Wir k\u00f6nnen euch Adressen von Fachberatungsstellen geben. F\u00fcr Terminvereinbarungen k\u00f6nnt ihr uns jederzeit gerne ansprechen oder anschreiben.<\/p>\n","protected":false},"excerpt":{"rendered":"<p>Das Beratungslehrerinnenteam an der K\u00e4the-Kollwitz-Schule Wir sind Ansprechpartnerinnen und helfen weiter bei schulischen Krisen pers\u00f6nlichen Krisen Schwangerschaftskonflikten Problemen in der Familie Sucht- und anderen Problemen. Wir k\u00f6nnen euch Adressen von Fachberatungsstellen geben. F\u00fcr Terminvereinbarungen k\u00f6nnt ihr uns jederzeit gerne ansprechen oder anschreiben.<\/p>\n","protected":false},"author":7,"featured_media":0,"parent":330,"menu_order":0,"comment_status":"closed","ping_status":"closed","template":"page-dreispaltig.php","meta":{"footnotes":""},"categories":[],"tags":[],"class_list":["post-421","page","type-page","status-publish","hentry"],"featured_image_src":null,"publishpress_future_workflow_manual_trigger":{"enabledWorkflows":[]},"_links":{"self":[{"href":"https:\/\/cwmp.de\/kks\/wp-json\/wp\/v2\/pages\/421","targetHints":{"allow":["GET"]}}],"collection":[{"href":"https:\/\/cwmp.de\/kks\/wp-json\/wp\/v2\/pages"}],"about":[{"href":"https:\/\/cwmp.de\/kks\/wp-json\/wp\/v2\/types\/page"}],"author":[{"embeddable":true,"href":"https:\/\/cwmp.de\/kks\/wp-json\/wp\/v2\/users\/7"}],"replies":[{"embeddable":true,"href":"https:\/\/cwmp.de\/kks\/wp-json\/wp\/v2\/comments?post=421"}],"version-history":[{"count":16,"href":"https:\/\/cwmp.de\/kks\/wp-json\/wp\/v2\/pages\/421\/revisions"}],"predecessor-version":[{"id":2963,"href":"https:\/\/cwmp.de\/kks\/wp-json\/wp\/v2\/pages\/421\/revisions\/2963"}],"up":[{"embeddable":true,"href":"https:\/\/cwmp.de\/kks\/wp-json\/wp\/v2\/pages\/330"}],"wp:attachment":[{"href":"https:\/\/cwmp.de\/kks\/wp-json\/wp\/v2\/media?parent=421"}],"wp:term":[{"taxonomy":"category","embeddable":true,"href":"https:\/\/cwmp.de\/kks\/wp-json\/wp\/v2\/categories?post=421"},{"taxonomy":"post_tag","embeddable":true,"href":"https:\/\/cwmp.de\/kks\/wp-json\/wp\/v2\/tags?post=421"}],"curies":[{"name":"wp","href":"https:\/\/api.w.org\/{rel}","templated":true}]}}