{"id":436,"date":"2019-05-12T23:38:44","date_gmt":"2019-05-12T21:38:44","guid":{"rendered":"https:\/\/cwmp.de\/kks\/?page_id=436"},"modified":"2021-02-16T18:14:48","modified_gmt":"2021-02-16T17:14:48","slug":"schulseelsorge","status":"publish","type":"page","link":"https:\/\/cwmp.de\/kks\/unterstuetzung-beratung\/schulseelsorge\/","title":{"rendered":"Schulseelsorge"},"content":{"rendered":"<p>Als Religionslehrer und Schulseelsorger bietet Norbert Lang an der K\u00e4the-Kollwitz-Schule Unterst\u00fctzung in verschiedenen Bereichen an. Wenn Sie Kontakt aufnehmen wollen, k\u00f6nnen Sie dies in den Pausen im Lehrerzimmer tun, oder eine Nachricht in seinem Fach hinterlassen.<\/p>\n<p>Gerade in der Schule gibt es nicht nur Unterrichtsthemen, auch hier brauchen und suchen Sch\u00fclerinnen und Sch\u00fcler aber auch Lehrerinnen und Lehrer ein offenes Ohr f\u00fcr soziale und menschliche Themen. Als Schulseelsorger bietet Norbert Lang f\u00fcr alle an der KKS einen Raum der Zuwendung an, und zwar f\u00fcr jede Konfession.<\/p>\n<p>Er bietet zum Beispiel bei folgenden Themen Unterst\u00fctzung an:<\/p>\n<ul>\n<li><strong>Vertrauliche Gespr\u00e4che<\/strong><br \/>\nZeit f\u00fcr Gespr\u00e4che in Krisensituationen (z.B. Trauer, Schule, Beruf, Liebe usw.) und \u00fcber religi\u00f6se Anliegen.<br \/>\nDiese Gespr\u00e4che fallen unter das Seelsorgegeheimnis. Alles, was besprochen wird, bleibt unter vier Augen.<\/li>\n<li><strong>Kollegiale Fallberautung<\/strong><br \/>\nSeit nun 6 Jahren trifft sich eine Gruppe von Lehrerinnen und Lehrern regelm\u00e4\u00dfig zur Kollegialen Fallberatung. Die Gruppe ist f\u00fcr zu Beginn des neuen Schuljahres offen f\u00fcr Kolleginnen und Kollegen, die dazusto\u00dfen wollen.<\/li>\n<li><strong>Krisenseelsorge<\/strong><br \/>\nBegleitung von Klassen in Notf\u00e4llen, wie z. B. bei Todesf\u00e4llen<\/li>\n<\/ul>\n","protected":false},"excerpt":{"rendered":"<p>Als Religionslehrer und Schulseelsorger bietet Norbert Lang an der K\u00e4the-Kollwitz-Schule Unterst\u00fctzung in verschiedenen Bereichen an. Wenn Sie Kontakt aufnehmen wollen, k\u00f6nnen Sie dies in den Pausen im Lehrerzimmer tun, oder eine Nachricht in seinem Fach hinterlassen. Gerade in der Schule gibt es nicht nur Unterrichtsthemen, auch hier brauchen und suchen Sch\u00fclerinnen und Sch\u00fcler aber auch [&hellip;]<\/p>\n","protected":false},"author":7,"featured_media":0,"parent":330,"menu_order":2,"comment_status":"closed","ping_status":"closed","template":"","meta":{"footnotes":""},"categories":[],"tags":[],"class_list":["post-436","page","type-page","status-publish","hentry"],"featured_image_src":null,"publishpress_future_workflow_manual_trigger":{"enabledWorkflows":[]},"_links":{"self":[{"href":"https:\/\/cwmp.de\/kks\/wp-json\/wp\/v2\/pages\/436","targetHints":{"allow":["GET"]}}],"collection":[{"href":"https:\/\/cwmp.de\/kks\/wp-json\/wp\/v2\/pages"}],"about":[{"href":"https:\/\/cwmp.de\/kks\/wp-json\/wp\/v2\/types\/page"}],"author":[{"embeddable":true,"href":"https:\/\/cwmp.de\/kks\/wp-json\/wp\/v2\/users\/7"}],"replies":[{"embeddable":true,"href":"https:\/\/cwmp.de\/kks\/wp-json\/wp\/v2\/comments?post=436"}],"version-history":[{"count":7,"href":"https:\/\/cwmp.de\/kks\/wp-json\/wp\/v2\/pages\/436\/revisions"}],"predecessor-version":[{"id":1538,"href":"https:\/\/cwmp.de\/kks\/wp-json\/wp\/v2\/pages\/436\/revisions\/1538"}],"up":[{"embeddable":true,"href":"https:\/\/cwmp.de\/kks\/wp-json\/wp\/v2\/pages\/330"}],"wp:attachment":[{"href":"https:\/\/cwmp.de\/kks\/wp-json\/wp\/v2\/media?parent=436"}],"wp:term":[{"taxonomy":"category","embeddable":true,"href":"https:\/\/cwmp.de\/kks\/wp-json\/wp\/v2\/categories?post=436"},{"taxonomy":"post_tag","embeddable":true,"href":"https:\/\/cwmp.de\/kks\/wp-json\/wp\/v2\/tags?post=436"}],"curies":[{"name":"wp","href":"https:\/\/api.w.org\/{rel}","templated":true}]}}