{"id":454,"date":"2019-05-15T14:35:14","date_gmt":"2019-05-15T12:35:14","guid":{"rendered":"https:\/\/cwmp.de\/kks\/?page_id=454"},"modified":"2024-10-08T10:49:17","modified_gmt":"2024-10-08T08:49:17","slug":"anmeldeformulare-und-infoblaetter-zum-download","status":"publish","type":"page","link":"https:\/\/cwmp.de\/kks\/service-information\/anmeldeformulare-und-infoblaetter-zum-download\/","title":{"rendered":"Anmeldeformulare und Infobl\u00e4tter zum Download\u200b"},"content":{"rendered":"<h3>Einschulungsunterlagen<\/h3>\n<p>Um Ihnen den formalen Einstieg bei uns zu erleichtern, haben wir wichtige Informationen und notwendige Formulare f\u00fcr Sie zusammengestellt. Bitte lesen Sie die Informationen gr\u00fcndlich und f\u00fcllen die Formulare am Ende des Dokumentes (4 S.) sorgf\u00e4ltig aus (ggfs. gemeinsam mit einer erziehungsberechtigen Person). Die Lehrkr\u00e4fte werden Sie bei Fragen gerne unterst\u00fctzen.<\/p>\n<p><strong>Bitte geben Sie die vollst\u00e4ndig ausgef\u00fcllten Dokumente zum Schuljahresbeginn bei Ihrer Klassenleitung ab.<\/strong><\/p>\n<p><a href=\"https:\/\/cwmp.de\/kks\/wp-content\/uploads\/Einschulungsunterlagen2425-1.pdf\">Zu den Einschulungsunterlagen bitte hier klicken!<\/a><\/p>\n<p>Hier finden Sie zu allen Schulformen Informationen, Antr\u00e4ge, Praktikumsvertr\u00e4ge und Formulare, die Sie sich je nach Bedarf ausdrucken k\u00f6nnen.<\/p>\n<ul>\n<li><a href=\"#\">Allgemeine Antr\u00e4ge\/Informationen<\/a>\n<ul>\n<li><a href=\"https:\/\/cwmp.de\/kks\/wp-content\/uploads\/Antrag-Gleichstellungsvermerk-mittlerer-Abschluss-in-der-BS.docx.pdf\">Antrag auf Erwerb eines mit dem mittleren Abschluss gleichwertigen Abschluss in der Berufsschule<\/a><\/li>\n<li><a href=\"https:\/\/cwmp.de\/kks\/wp-content\/uploads\/Information-zum-Erwerb-eines-mit-dem-mittleren-Abschluss-gleichwertigen-Abschlusses-in-der-Berufsschule.docxrgr.pdf\">\u00dcbersicht zum Erwerb gleichwertiger Abschl\u00fcsse in der Berufsschule <\/a><\/li>\n<li><a href=\"https:\/\/cwmp.de\/kks\/wp-content\/uploads\/antrag-auf-gestattung-zum-besuch-einer-anderen-wie-der-zustandigen-berufsschule.pdf\" target=\"_blank\" rel=\"noopener noreferrer\">Gestattungsantrag Berufsschulwechsel\u200b\u200b<\/a>\u200b<\/li>\n<li><a href=\"https:\/\/cwmp.de\/kks\/wp-content\/uploads\/abmeldung-fur-schuler.pdf\" target=\"_blank\" rel=\"noopener noreferrer\">Abmeldung f\u00fcr Sch\u00fclerinnen und Sch\u00fcler\u200b<\/a>\u200b<\/li>\n<li><a href=\"https:\/\/cwmp.de\/kks\/wp-content\/uploads\/gutachtenformular-1.pdf\" target=\"_blank\" rel=\"noopener noreferrer\">Gutachten zum \u00dcbergang in weiterf\u00fchrende Schulformen<\/a>\u200b\u200b<\/li>\n<\/ul>\n<\/li>\n<li><a href=\"#\">Anmeldeformulare<\/a>\n<ul>\n<li><a href=\"https:\/\/cwmp.de\/kks\/wp-content\/uploads\/BFS-Zweijaehrige-Berufsfachschule-der-Fachrichtung-Gesundheit-und-Sozialwesen.pdf\">Zweij\u00e4hrige Berufsfachschule der Fachrichtung Gesundheit und Sozialwesen<\/a><\/li>\n<li><a href=\"https:\/\/cwmp.de\/kks\/wp-content\/uploads\/Anmeldung-Berufsschule-2020.pdf\">Anmeldung Berufsschule<\/a>\u200b<\/li>\n<li><a href=\"https:\/\/cwmp.de\/kks\/wp-content\/uploads\/BVJ-Anmeldung-Berufsvorbereitungjahr-BVJ.pdf\">Anmeldung Berufsvorbereitungsjahr (BVJ)<\/a><\/li>\n<li><a href=\"https:\/\/cwmp.de\/kks\/wp-content\/uploads\/MBFS-Mehrjaehrige-Berufsfachschule-mit-Berufsabschluss-MassschneiderIn-Schwerpunkt-Damen-1.pdf\">Mehrj\u00e4hrige Berufsfachschule mit Berufsabschluss Ma\u00dfschneiderIn Schwerpunkt Damen<\/a><\/li>\n<li><a href=\"https:\/\/cwmp.de\/kks\/wp-content\/uploads\/HBFS-Anmeldung-Zweijaehrige-Hoehere-Berufsfachschule-fuer-Sozialassistenz-1-1.pdf\">Anmeldung HBFS f\u00fcr Sozialassistenz <\/a><\/li>\n<li><a href=\"https:\/\/cwmp.de\/kks\/wp-content\/uploads\/FS-Anmeldung-Fachschule-fuer-Sozialwesen-Vollzeit-oder-PIVA-staatl.-anerkannte-ErzieherInnen.pdf\"> Anmeldung FS f\u00fcr Sozialwesen (staatl. anerkannte Erzieher*innen) Vollzeit oder PivA<\/a><\/li>\n<li><a href=\"https:\/\/cwmp.de\/kks\/wp-content\/uploads\/FOS-Anmeldung-FOS-Sozialwesen.pdf\">Anmeldung FOS Sozialwesen<\/a><\/li>\n<\/ul>\n<\/li>\n<li><a href=\"#\">Informationsbl\u00e4tter<\/a>\n<ul>\n<li><a href=\"https:\/\/cwmp.de\/kks\/wp-content\/uploads\/Info-_-BzB_BVJ_Stand_2_23.pdf\">Berufsvorbereitungsjahr (BVJ\/BzB<\/a><\/li>\n<li><a href=\"https:\/\/cwmp.de\/kks\/wp-content\/uploads\/BFS-Zweijaehrige-Berufsfachschule-der-Fachrichtung-Gesundheit-und-Sozialwesen-mit-versch.-Schwerpunkten-1.pdf\">BFS Zweij\u00e4hrige Berufsfachschule der Fachrichtung Gesundheit und Sozialwesen mit versch. Schwerpunkten<\/a><\/li>\n<li><a href=\"https:\/\/cwmp.de\/kks\/wp-content\/uploads\/Infoblatt-MBFS-mit-Berufsabschluss-Massschneiderin-Schwerpunkt-Damen-April24.pdf\">Infoblatt-MBFS-mit-Berufsabschluss-Massschneiderin-Schwerpunkt-Damen<\/a><\/li>\n<li><a href=\"https:\/\/cwmp.de\/kks\/wp-content\/uploads\/WFBM-Infoblatt-Schuelerinnen-und-Schueler-aus-der-Werkstatt-fuer-beeintraechtigte-Menschen.pdf\">Infoblatt Sch\u00fclerinnen und Sch\u00fcler aus der Werkstatt f\u00fcr beeintr\u00e4chtigte Menschen<\/a><\/li>\n<\/ul>\n<\/li>\n<li><a href=\"#\">Informationsbl\u00e4tter und Formulare &#8222;H\u00f6here Berufsfachschule f\u00fcr Sozialassistenz&#8220;<\/a>\n<ul>\n<li><strong><span class=\"cms-text \">Zweij\u00e4hrige H\u00f6here Berufsfachschule f\u00fcr Sozialassistenz Ausbildung zum\/r stattl. gepr\u00fcfte\/n Sozialassistenten\/-in<\/span><\/strong><\/li>\n<li>\u200b\u200b\u200b<a href=\"https:\/\/cwmp.de\/kks\/wp-content\/uploads\/Infoblatt_HBFS-fuer-Sozialassistenz-1-1.pdf\">Infoblatt HBFS f\u00fcr Sozialassistenz<\/a><\/li>\n<li><a href=\"https:\/\/cwmp.de\/kks\/wp-content\/uploads\/information-zum-erwerb-der-fachhochschulreife-im-rahmen-der-ausbildungsverordnung-der-zweijahrigen-hoheren-berufsfachschule-fur-sozialassistenz-1.pdf\" target=\"_blank\" rel=\"noopener noreferrer\">Informationen zum Erwerb der Fachhochschulreife im Rahmen der zweij\u00e4hrigen HBFS<\/a>\u200b<\/li>\n<li><a href=\"https:\/\/cwmp.de\/kks\/wp-content\/uploads\/hbfs-anmeldung.pdf\" target=\"_blank\" rel=\"noopener noreferrer\">\u200b<\/a><a href=\"https:\/\/cwmp.de\/kks\/wp-content\/uploads\/HBFS-Anmeldung-Zweijaehrige-Hoehere-Berufsfachschule-fuer-Sozialassistenz-2.pdf\">Anmeldung HBFS Sozialassistenz<\/a><\/li>\n<li><a href=\"https:\/\/cwmp.de\/kks\/wp-content\/uploads\/HBFS-Anwesenheit-berufspraktische-Ausbildung-Oberstufe.pdf\">Anwesenheit berufspraktische Ausbildung Oberstufe<\/a>\u200b<\/li>\n<li><a href=\"https:\/\/cwmp.de\/kks\/wp-content\/uploads\/HBFS-Hospitationsbescheinigung.pdf\">Hospitationsbescheinigung<\/a>\u200b<\/li>\n<li><a href=\"https:\/\/cwmp.de\/kks\/wp-content\/uploads\/HBFS-Informationen-zum-Praktikum-2.-Ausbildungsjahr.pdf\">Informationen zum Praktikum (2. Ausbildungsjahr)<\/a><\/li>\n<li><a href=\"https:\/\/cwmp.de\/kks\/wp-content\/uploads\/meldebogen-fur-die-berufspraktische-ausbildung-1-jahr.pdf\" target=\"_blank\" rel=\"noopener noreferrer\">Meldebogen f\u00fcr die berufspraktische Ausbildung<br \/>\nim 1. Jahr\u200b\u200b<\/a>\u200b<\/li>\n<li><a href=\"https:\/\/cwmp.de\/kks\/wp-content\/uploads\/hbfsmeldebogen-berufsprakt-ausbildung20172jahr-1.pdf\" target=\"_blank\" rel=\"noopener noreferrer\">Meldebogen f\u00fcr die berufspraktische Ausbildung<br \/>\nim 2. Jahr\u200b<\/a>\u200b<\/li>\n<li><a href=\"https:\/\/cwmp.de\/kks\/wp-content\/uploads\/bescheinigung-von-praxis-erfolgreiches-bestehen-und-anwesenheit-im-praktikum-zweites-ausbildungsjahr.pdf\" target=\"_blank\" rel=\"noopener noreferrer\">Bescheinigung der berufspraktischen Ausbildung nach dem 2. Jahr\u200b\u200b\u200b\u200b\u200b\u200b\u200b<\/a><\/li>\n<\/ul>\n<\/li>\n<li><a href=\"#\">Informationsbl\u00e4tter und Formulare &#8222;Fachschule f\u00fcr Sozialwesen&#8220;<\/a>\n<ul>\n<li><strong><span class=\"cms-text \">Fachschule f\u00fcr Sozialwesen in Vollzeit und Praxisintegrierte Ausbildung (PivA)<br \/>\nzur\/m Staatlich anerkannten Erzieher\/-in<\/span><\/strong><\/li>\n<li><a href=\"https:\/\/cwmp.de\/kks\/wp-content\/uploads\/FS-Anmeldung-Fachschule-fuer-Sozialwesen-Vollzeit-oder-PIVA-staatl.-anerkannte-ErzieherInnen-1.pdf\">FS &#8211; Anmeldung &#8211; Fachschule f\u00fcr Sozialwesen Vollzeit oder PIVA (staatl. anerkannte ErzieherInnen)<\/a><\/li>\n<li><a href=\"https:\/\/cwmp.de\/kks\/wp-content\/uploads\/Uebersicht-Ausbildungsformen-und-Voraussetzungenohne-bB-1.pdf\">Infoblatt\/\u00dcbersicht Ausbildungsformen und Voraussetzungen (Vollzeit, PivA)<\/a><\/li>\n<li><a href=\"https:\/\/cwmp.de\/kks\/wp-content\/uploads\/flyer2018bbgltrager.pdf\" target=\"_blank\" rel=\"noopener noreferrer\">\u200b<\/a><a href=\"https:\/\/cwmp.de\/kks\/wp-content\/uploads\/FS-Hospitationsbescheinigung-Blockpraktikum-2022.pdf\">Hospitationsbescheinigung<\/a><\/li>\n<li><a href=\"https:\/\/cwmp.de\/kks\/wp-content\/uploads\/FS-Meldebogen-Blockpraktikum-2023.pdf\">Meldebogen zum Blockpraktikum (VZ und PivA)<\/a><\/li>\n<li><a href=\"https:\/\/cwmp.de\/kks\/wp-content\/uploads\/FS-Versicherungsschreiben-2022.pdf\">Versicherungsschreiben f\u00fcr Tr\u00e4gereinrichtungen (Praktikum)<\/a><\/li>\n<li><a href=\"https:\/\/cwmp.de\/kks\/wp-content\/uploads\/FS-Bescheinigung-Blockpraktikum-2022.pdf\">Praktikum Bescheinigung<\/a><\/li>\n<li><a href=\"https:\/\/cwmp.de\/kks\/wp-content\/uploads\/FS-Unbedenklichkeitsbescheinigung-Arzt-2022.pdf\">Unbedenklichkeitsbescheinigung \u00c4rztin\/Arzt <\/a><\/li>\n<li><a href=\"https:\/\/cwmp.de\/kks\/wp-content\/uploads\/FS-Eidesstattliche-Erklaerung-Praktikumsbericht.pdf\">Eidesstattliche Erkl\u00e4rung Praktikumsbericht<\/a><\/li>\n<li><strong>FS Vollzeit Ausbildung<\/strong><\/li>\n<li><a href=\"https:\/\/cwmp.de\/kks\/wp-content\/uploads\/Infoblatt-Fachschule-fuer-Sozialwesen-Vollzeit-2024.pdf\">Infoblatt Fachschule f\u00fcr Sozialwesen Vollzeit<\/a><\/li>\n<li><a href=\"https:\/\/cwmp.de\/kks\/wp-content\/uploads\/FS_Reader_2023.pdf\">FS Leitfaden f\u00fcr die Ausbildung zum\/r Erzieher*in Beginn 2023\/24<\/a><\/li>\n<li><a href=\"https:\/\/cwmp.de\/kks\/wp-content\/uploads\/fs-blockpraktikum-info-unterstufe-feb-2017.pdf\" target=\"_blank\" rel=\"noopener noreferrer\">Infoblatt zum Praktikum Unterstufe<\/a>\u200b<\/li>\n<li><a href=\"https:\/\/cwmp.de\/kks\/wp-content\/uploads\/fs-blockpraktikum-info-oberstufe-feb-2017.pdf\" target=\"_blank\" rel=\"noopener noreferrer\">\u200bInfoblatt zum Praktikum Oberstufe<\/a>\u200b<\/li>\n<li><a href=\"https:\/\/cwmp.de\/kks\/wp-content\/uploads\/fs-meldebogen-blockpraktikum-2017neu2.pdf\" target=\"_blank\" rel=\"noopener noreferrer\">\u200b\u200b\u200b<\/a>\u200b<a href=\"https:\/\/cwmp.de\/kks\/wp-content\/uploads\/FS-Anleitertreffen-Einladung-2022-1.pdf\">Anleitertreffen Einladung<\/a><\/li>\n<li><a href=\"https:\/\/cwmp.de\/kks\/wp-content\/uploads\/Protokollvorlage-Praktikumsbesuche-Vollzeit-und-PivA-2023.pdf\">Protokollvorlage Praktikumsbesuche Vollzeit 2023<\/a><\/li>\n<li><a href=\"https:\/\/cwmp.de\/kks\/wp-content\/uploads\/Beurteilungsbogen-Unterstufen-Praktikum.pdf\">Beurteilungsbogen Unterstufen Praktikum Vollzeit<\/a><\/li>\n<li><a href=\"https:\/\/cwmp.de\/kks\/wp-content\/uploads\/Beurteilungsbogen-Oberstufen-Praktikum-VZ_Piva-2.AB_.pdf\">Beurteilungsbogen Oberstufen Praktikum Vollzeit<\/a><\/li>\n<li><a href=\"https:\/\/cwmp.de\/kks\/wp-content\/uploads\/FS-Kriterien-Beurteilung-Unterstufe-2022.pdf\">Kriterien zur Beurteilung von Praktikanten Unterstufe<\/a><\/li>\n<li><a href=\"https:\/\/cwmp.de\/kks\/wp-content\/uploads\/FS-Kriterien-Beurteilung-Oberstufe-2022.pdf\">Kriterien zur Beurteilung von Praktikanten Oberstufe<\/a><\/li>\n<li><strong>Berufspraktikum (3. Ausbildungsabschnitt):<\/strong><\/li>\n<li><a href=\"https:\/\/cwmp.de\/kks\/wp-content\/uploads\/Meldebogen-neu-Berufspraktikanten2015-1.pdf\">Meldebogen Berufspraktikanten<\/a><\/li>\n<li><a href=\"https:\/\/cwmp.de\/kks\/wp-content\/uploads\/Bescheinigung-Praxisanleitung-BP-2023.pdf\">Bescheinigung Praxisanleitung BP<\/a><\/li>\n<li><a href=\"https:\/\/cwmp.de\/kks\/wp-content\/uploads\/Berufspraktikum_Informationen_2021-neu-2-docx.pdf\">Berufspraktikum Leitfaden<\/a><\/li>\n<li><a href=\"https:\/\/cwmp.de\/kks\/wp-content\/uploads\/Meldung-zur-Pruefung-zur-staatlichen-Anerkennung-2021.pdf\">Meldung zur Pr\u00fcfung zur staatlichen Anerkennung<\/a><\/li>\n<li><a href=\"https:\/\/cwmp.de\/kks\/wp-content\/uploads\/Anhang-Kriterien-Abschlussbeurteilung-BP.pdf\">Anhang Kriterien Abschlussbeurteilung BP<\/a><\/li>\n<li><a href=\"https:\/\/cwmp.de\/kks\/wp-content\/uploads\/Protokollvorlage-BP-Besuche-2023.pdf\">Protokollvorlage BP Besuche<\/a><\/li>\n<li><a href=\"https:\/\/cwmp.de\/kks\/wp-content\/uploads\/Kompetenzraster-zur-Beurteilung-von-Berufspraktikantinnen-5.-.pdf\">Kompetenzraster zur Beurteilung von Berufspraktikanten<\/a><\/li>\n<li><a href=\"https:\/\/cwmp.de\/kks\/wp-content\/uploads\/Protokolle-BP-Abschlussgespraech-2018-vers2.pdf\">Protokollvorlage BP Abschlussgespr\u00e4ch<\/a><\/li>\n<li><strong>FS PivA Ausbildung, Beginn ab 2022<br \/>\n<\/strong><\/li>\n<li><a href=\"https:\/\/cwmp.de\/kks\/wp-content\/uploads\/Infoblatt-Fachschule-fuer-Sozialwesen-PivA-2024.pdf\">Infoblatt Fachschule f\u00fcr Sozialwesen PivA <\/a><\/li>\n<li><a href=\"https:\/\/cwmp.de\/kks\/wp-content\/uploads\/Reader-PivA-30.08.22.pdf\">Leitfaden PivA Ausbildung Beginn 2022<\/a><\/li>\n<li><a href=\"https:\/\/cwmp.de\/kks\/wp-content\/uploads\/Inforeader-PivA-2023.pdf\">Leitfaden PivA Ausbildung Beginn 2023<\/a><\/li>\n<li><a href=\"https:\/\/cwmp.de\/kks\/wp-content\/uploads\/Bescheinigung-Praxisanleitung-Piva.pdf\">Bescheinigung Qualifzierung d. Praxisanleitung Piva<\/a><\/li>\n<li><a href=\"https:\/\/cwmp.de\/kks\/wp-content\/uploads\/Bescheinigung-PivA.pdf\">Bescheinigung der j\u00e4hrlichen Fachpraxis PivA<\/a><\/li>\n<li><a href=\"https:\/\/cwmp.de\/kks\/wp-content\/uploads\/PivA-Dokumentation-Anleitergespraech.pdf\">PivA Anleitungsgespr\u00e4che Dokumentation<\/a><\/li>\n<li><a href=\"https:\/\/cwmp.de\/kks\/wp-content\/uploads\/Beurteilungsbogen-Oberstufen-Praktikum-VZ_Piva-2.AB_.pdf\">Beurteilungsbogen 6-Wochen-Praktikum Piva im 2.AB<\/a><\/li>\n<li><a href=\"https:\/\/cwmp.de\/kks\/wp-content\/uploads\/Protokollvorlage-Praktikumsbesuche-Vollzeit-und-PivA-2023.pdf\">Protokollvorlage 6-Wochen-Praktikum PivA 2023<\/a><\/li>\n<li><a href=\"https:\/\/cwmp.de\/kks\/wp-content\/uploads\/Kompetenzraster-zur-Beurteilung-von-Berufspraktikantinnen-5.-.pdf\">Kompetenzraster zur Beurteilung von Berufspraktikanten<\/a><\/li>\n<li><a href=\"https:\/\/cwmp.de\/kks\/wp-content\/uploads\/Protokollvorlage-Fachpraxis-Besuche-2024-2.pdf\">Protokollvorlage Fachpraxis Besuche<\/a><\/li>\n<li><a href=\"https:\/\/cwmp.de\/kks\/wp-content\/uploads\/Anhang-Kriterien-Abschlussbeurteilung-BP-1.pdf\">Anhang-Kriterien-Abschlussbeurteilung-BP<\/a><\/li>\n<li><strong>Berufspraktikum Piva, Beginn vor 2022<\/strong><\/li>\n<li><a href=\"https:\/\/cwmp.de\/kks\/wp-content\/uploads\/Berufspraktikum-Piva-Verlauf-und-Struktur-in-Tabellenform-Muster-1.pdf\">Berufspraktikum Piva: Verlauf und Struktur<\/a><\/li>\n<li><a href=\"https:\/\/cwmp.de\/kks\/wp-content\/uploads\/Berufspraktikum_Informationen_2021-PivA-neu-1-1.pdf\">Berufspraktikum Leitfaden PivA <\/a><\/li>\n<li><a href=\"https:\/\/cwmp.de\/kks\/wp-content\/uploads\/Anhang-Kriterien-Abschlussbeurteilung-BP-1.pdf\">Anhang-Kriterien-Abschlussbeurteilung-BP<\/a><\/li>\n<\/ul>\n<\/li>\n<\/ul>\n<ul>\n<li><a href=\"#\">Informationsbl\u00e4tter und Formulare &#8222;Fachoberschule mit dem Schwerpunkt Sozialwesen (Form A und B)&#8220;<\/a>\n<ul>\n<li><a href=\"https:\/\/cwmp.de\/kks\/wp-content\/uploads\/FOS-Anmeldung-Fachoberschule-mit-dem-Schwerpunkt-Sozialwesen-Form-A-und-B.pdf\">Anmeldung Fachoberschule mit dem Schwerpunkt Sozialwesen<br \/>\n(Form A und B)<\/a><\/li>\n<li><a href=\"https:\/\/cwmp.de\/kks\/wp-content\/uploads\/FOS-Infoblatt-Zweijaehrige-Fachoberschule-Form-A-2.pdf\">Infoblatt Zweij\u00e4hrige Fachoberschule (Form A)<\/a><\/li>\n<li><a href=\"https:\/\/cwmp.de\/kks\/wp-content\/uploads\/FOS-Infoblatt-Einjaehrige-Fachoberschule-Form-B-1-1.pdf\">Infoblatt Einj\u00e4hrige Fachoberschule (Form B)<\/a>\u200b<\/li>\n<li><a href=\"https:\/\/cwmp.de\/kks\/wp-content\/uploads\/Praktikumsplan-11FOS-S_neu-2023.pdf\">Praktikumsplan<\/a><a href=\"https:\/\/cwmp.de\/kks\/wp-content\/uploads\/praktikumsplan-2018-fos.pdf\" target=\"_blank\" rel=\"noopener noreferrer\">\u200b\u200b<\/a>\u200b\u200b<\/li>\n<li><a href=\"https:\/\/cwmp.de\/kks\/wp-content\/uploads\/Praktikantenvertrag_Sozialwesen_2024_25.pdf\">Praktikantenvertrag Sozialwesen 2024-25<\/a><\/li>\n<li><a href=\"https:\/\/cwmp.de\/kks\/wp-content\/uploads\/Infos-Praktikum-1.-Jahr-FOS.pdf\">Infos Praktikum 1. Jahr FOS<\/a><\/li>\n<li><a href=\"https:\/\/cwmp.de\/kks\/wp-content\/uploads\/anwesenheitsnachweis-praktikum-fos.pdf\" target=\"_blank\" rel=\"noopener noreferrer\">Anwesenheitsnachweis Praktikum FOS<\/a>\u200b<\/li>\n<li><a href=\"https:\/\/cwmp.de\/kks\/wp-content\/uploads\/faq-praktikum-2018-fos.pdf\" target=\"_blank\" rel=\"noopener noreferrer\">Erg\u00e4nzende Infos zu FOS Praktika<\/a>\u200b<\/li>\n<\/ul>\n<\/li>\n<\/ul>\n","protected":false},"excerpt":{"rendered":"<p>Einschulungsunterlagen Um Ihnen den formalen Einstieg bei uns zu erleichtern, haben wir wichtige Informationen und notwendige Formulare f\u00fcr Sie zusammengestellt. Bitte lesen Sie die Informationen gr\u00fcndlich und f\u00fcllen die Formulare am Ende des Dokumentes (4 S.) sorgf\u00e4ltig aus (ggfs. gemeinsam mit einer erziehungsberechtigen Person). Die Lehrkr\u00e4fte werden Sie bei Fragen gerne unterst\u00fctzen. Bitte geben Sie [&hellip;]<\/p>\n","protected":false},"author":7,"featured_media":0,"parent":467,"menu_order":1,"comment_status":"closed","ping_status":"closed","template":"","meta":{"footnotes":""},"categories":[],"tags":[],"class_list":["post-454","page","type-page","status-publish","hentry"],"featured_image_src":null,"publishpress_future_workflow_manual_trigger":{"enabledWorkflows":[]},"_links":{"self":[{"href":"https:\/\/cwmp.de\/kks\/wp-json\/wp\/v2\/pages\/454","targetHints":{"allow":["GET"]}}],"collection":[{"href":"https:\/\/cwmp.de\/kks\/wp-json\/wp\/v2\/pages"}],"about":[{"href":"https:\/\/cwmp.de\/kks\/wp-json\/wp\/v2\/types\/page"}],"author":[{"embeddable":true,"href":"https:\/\/cwmp.de\/kks\/wp-json\/wp\/v2\/users\/7"}],"replies":[{"embeddable":true,"href":"https:\/\/cwmp.de\/kks\/wp-json\/wp\/v2\/comments?post=454"}],"version-history":[{"count":152,"href":"https:\/\/cwmp.de\/kks\/wp-json\/wp\/v2\/pages\/454\/revisions"}],"predecessor-version":[{"id":3618,"href":"https:\/\/cwmp.de\/kks\/wp-json\/wp\/v2\/pages\/454\/revisions\/3618"}],"up":[{"embeddable":true,"href":"https:\/\/cwmp.de\/kks\/wp-json\/wp\/v2\/pages\/467"}],"wp:attachment":[{"href":"https:\/\/cwmp.de\/kks\/wp-json\/wp\/v2\/media?parent=454"}],"wp:term":[{"taxonomy":"category","embeddable":true,"href":"https:\/\/cwmp.de\/kks\/wp-json\/wp\/v2\/categories?post=454"},{"taxonomy":"post_tag","embeddable":true,"href":"https:\/\/cwmp.de\/kks\/wp-json\/wp\/v2\/tags?post=454"}],"curies":[{"name":"wp","href":"https:\/\/api.w.org\/{rel}","templated":true}]}}