{"id":473,"date":"2019-05-15T16:34:20","date_gmt":"2019-05-15T14:34:20","guid":{"rendered":"https:\/\/cwmp.de\/kks\/?page_id=473"},"modified":"2022-06-04T11:38:15","modified_gmt":"2022-06-04T09:38:15","slug":"foerderverein","status":"publish","type":"page","link":"https:\/\/cwmp.de\/kks\/ueber-die-kks\/foerderverein\/","title":{"rendered":"F\u00f6rderverein"},"content":{"rendered":"<p><strong>Verein der Freunde und F\u00f6rderer der K\u00e4the-Kollwitz- Schule Offenbach<\/strong><strong> am <\/strong><strong>Main e.V.<\/strong><\/p>\n<p>Wir laden Sie herzlich ein, durch eine Mitgliedschaft unsere Arbeit mit einem Jahresbeitrag von \u20ac 30,\u2013 und\/oder durch eine einmalige Spende zu unterst\u00fctzen.<br \/>\nDer Verein der Freunde und F\u00f6rderer der K\u00e4the-Kollwitz- Schule Offenbach am Main e.V. unterst\u00fctzt und finanziert in Zusammenarbeit mit der Schule u.a.<\/p>\n<ul>\n<li>Vortr\u00e4ge fachlicher Art durch externe Referent\/-innen<\/li>\n<li>die Wahrnehmung von Aufgaben, die im Interesse der Schule, des p\u00e4dagogischen Auftrags und der Ausbildungsziele der Sch\u00fcler\/innen und Studierenden notwendig sind<\/li>\n<li>Studienfahrten, Projekte, Ausstellungen, Fachtagungen, usw.<\/li>\n<li>im Zusammenhang mit bestehenden Partnerschaften den Austausch von Sch\u00fcler\/-innen und Lehrkr\u00e4ften<\/li>\n<\/ul>\n<p><strong>Mitglied werden k\u00f6nnen Sie:<\/strong><strong><br \/>\n<\/strong><br \/>\n<strong>per Post:<\/strong><br \/>\nVerein der Freunde und F\u00f6rderer der K\u00e4the-Kollwitz- Schule Offenbach am Main e.V.<br \/>\nBuchh\u00fcgelallee 90<br \/>\n63071 Offenbach am Main<\/p>\n<p><strong>per Telefon:<\/strong><br \/>\nAnruf bei Frau Strazzanti, 069 8065 2429<\/p>\n<p><strong>per Fax: <\/strong><br \/>\nVerein der Freunde und F\u00f6rderer der K\u00e4the-Kollwitz-Schule Offenbach am Main e.V.<\/p>\n<p>069 8065 3299<\/p>\n<p>Eine f\u00fcr steuerliche Zwecke verwendbare Zuwendungs-\/Spendenbescheinigung erhalten Sie unaufgefordert zugesandt.<\/p>\n<p>Wir freuen uns Sie bald zum Kreis der Freunde und F\u00f6rderer der K\u00e4the-Kollwitz- Schule z\u00e4hlen zu d\u00fcrfen<\/p>\n","protected":false},"excerpt":{"rendered":"<p>Verein der Freunde und F\u00f6rderer der K\u00e4the-Kollwitz- Schule Offenbach am Main e.V. Wir laden Sie herzlich ein, durch eine Mitgliedschaft unsere Arbeit mit einem Jahresbeitrag von \u20ac 30,\u2013 und\/oder durch eine einmalige Spende zu unterst\u00fctzen. Der Verein der Freunde und F\u00f6rderer der K\u00e4the-Kollwitz- Schule Offenbach am Main e.V. unterst\u00fctzt und finanziert in Zusammenarbeit mit der [&hellip;]<\/p>\n","protected":false},"author":7,"featured_media":0,"parent":141,"menu_order":4,"comment_status":"closed","ping_status":"closed","template":"","meta":{"footnotes":""},"categories":[],"tags":[],"class_list":["post-473","page","type-page","status-publish","hentry"],"featured_image_src":null,"publishpress_future_workflow_manual_trigger":{"enabledWorkflows":[]},"_links":{"self":[{"href":"https:\/\/cwmp.de\/kks\/wp-json\/wp\/v2\/pages\/473","targetHints":{"allow":["GET"]}}],"collection":[{"href":"https:\/\/cwmp.de\/kks\/wp-json\/wp\/v2\/pages"}],"about":[{"href":"https:\/\/cwmp.de\/kks\/wp-json\/wp\/v2\/types\/page"}],"author":[{"embeddable":true,"href":"https:\/\/cwmp.de\/kks\/wp-json\/wp\/v2\/users\/7"}],"replies":[{"embeddable":true,"href":"https:\/\/cwmp.de\/kks\/wp-json\/wp\/v2\/comments?post=473"}],"version-history":[{"count":5,"href":"https:\/\/cwmp.de\/kks\/wp-json\/wp\/v2\/pages\/473\/revisions"}],"predecessor-version":[{"id":2212,"href":"https:\/\/cwmp.de\/kks\/wp-json\/wp\/v2\/pages\/473\/revisions\/2212"}],"up":[{"embeddable":true,"href":"https:\/\/cwmp.de\/kks\/wp-json\/wp\/v2\/pages\/141"}],"wp:attachment":[{"href":"https:\/\/cwmp.de\/kks\/wp-json\/wp\/v2\/media?parent=473"}],"wp:term":[{"taxonomy":"category","embeddable":true,"href":"https:\/\/cwmp.de\/kks\/wp-json\/wp\/v2\/categories?post=473"},{"taxonomy":"post_tag","embeddable":true,"href":"https:\/\/cwmp.de\/kks\/wp-json\/wp\/v2\/tags?post=473"}],"curies":[{"name":"wp","href":"https:\/\/api.w.org\/{rel}","templated":true}]}}