{"id":572,"date":"2019-06-06T11:26:32","date_gmt":"2019-06-06T09:26:32","guid":{"rendered":"https:\/\/cwmp.de\/kks\/?page_id=572"},"modified":"2021-11-16T15:38:10","modified_gmt":"2021-11-16T14:38:10","slug":"aufnahme-und-beratungszentrum-fuer-seiteneinsteiger-abz","status":"publish","type":"page","link":"https:\/\/cwmp.de\/kks\/unterstuetzung-beratung\/aufnahme-und-beratungszentrum-fuer-seiteneinsteiger-abz\/","title":{"rendered":"Aufnahme- und Beratungszentrum f\u00fcr Seiteneinsteiger*innen (ABZ)"},"content":{"rendered":"<p>Sie sind neu in Deutschland und zwischen 16 und 18 Jahre alt?<\/p>\n<p>Sie m\u00f6chten Deutsch lernen und einen Schulabschluss erwerben?<\/p>\n<p>Sie m\u00f6chten sich beruflich orientieren oder sich auf eine Ausbildung vorbereiten?<\/p>\n<p>Das Aufnahme- und Beratungszentrum (ABZ) f\u00fcr jugendliche Zuwanderer in Stadt und Kreis Offenbach ab 16 Jahren ist an der Max-Eyth-Schule in Dreieich.<\/p>\n<p>Eine pers\u00f6nliche Beratung oder Aufnahme erfolgt nur mit einem Gespr\u00e4chstermin.<\/p>\n<p>Genauere Informationen finden Sie auf der <a href=\"https:\/\/mes-dreieich.de\/beratung-abz\/\">ABZ-Seite der Max-Eyth-Schule.<\/a><\/p>\n","protected":false},"excerpt":{"rendered":"<p>Sie sind neu in Deutschland und zwischen 16 und 18 Jahre alt? Sie m\u00f6chten Deutsch lernen und einen Schulabschluss erwerben? Sie m\u00f6chten sich beruflich orientieren oder sich auf eine Ausbildung vorbereiten? Das Aufnahme- und Beratungszentrum (ABZ) f\u00fcr jugendliche Zuwanderer in Stadt und Kreis Offenbach ab 16 Jahren ist an der Max-Eyth-Schule in Dreieich. Eine pers\u00f6nliche [&hellip;]<\/p>\n","protected":false},"author":7,"featured_media":0,"parent":330,"menu_order":5,"comment_status":"closed","ping_status":"closed","template":"","meta":{"footnotes":""},"categories":[],"tags":[],"class_list":["post-572","page","type-page","status-publish","hentry"],"featured_image_src":null,"publishpress_future_workflow_manual_trigger":{"enabledWorkflows":[]},"_links":{"self":[{"href":"https:\/\/cwmp.de\/kks\/wp-json\/wp\/v2\/pages\/572","targetHints":{"allow":["GET"]}}],"collection":[{"href":"https:\/\/cwmp.de\/kks\/wp-json\/wp\/v2\/pages"}],"about":[{"href":"https:\/\/cwmp.de\/kks\/wp-json\/wp\/v2\/types\/page"}],"author":[{"embeddable":true,"href":"https:\/\/cwmp.de\/kks\/wp-json\/wp\/v2\/users\/7"}],"replies":[{"embeddable":true,"href":"https:\/\/cwmp.de\/kks\/wp-json\/wp\/v2\/comments?post=572"}],"version-history":[{"count":5,"href":"https:\/\/cwmp.de\/kks\/wp-json\/wp\/v2\/pages\/572\/revisions"}],"predecessor-version":[{"id":1889,"href":"https:\/\/cwmp.de\/kks\/wp-json\/wp\/v2\/pages\/572\/revisions\/1889"}],"up":[{"embeddable":true,"href":"https:\/\/cwmp.de\/kks\/wp-json\/wp\/v2\/pages\/330"}],"wp:attachment":[{"href":"https:\/\/cwmp.de\/kks\/wp-json\/wp\/v2\/media?parent=572"}],"wp:term":[{"taxonomy":"category","embeddable":true,"href":"https:\/\/cwmp.de\/kks\/wp-json\/wp\/v2\/categories?post=572"},{"taxonomy":"post_tag","embeddable":true,"href":"https:\/\/cwmp.de\/kks\/wp-json\/wp\/v2\/tags?post=572"}],"curies":[{"name":"wp","href":"https:\/\/api.w.org\/{rel}","templated":true}]}}